{"id":513,"date":"2016-03-29T09:17:30","date_gmt":"2016-03-29T07:17:30","guid":{"rendered":"http:\/\/ewerk-buchauer.de\/?page_id=513"},"modified":"2024-06-06T10:06:19","modified_gmt":"2024-06-06T08:06:19","slug":"soziales-engagement","status":"publish","type":"page","link":"http:\/\/ewerk-buchauer.de\/index.php\/soziales-engagement\/","title":{"rendered":"Soziales Engagement"},"content":{"rendered":"\n<div class=\"wp-block-columns\">\n<div class=\"wp-block-column\" style=\"flex-basis:100%\">\n<div style=\"text-align: center;\">Seit Jahren f\u00f6rdern wir Projekte, die den \u00f6rtlichen Vereinen und Einrichtungen zu Gute kommen.<\/div>\n<div>\u00a0<\/div>\n<div>\n<table style=\"height: 255px; width: 1007px;\">\n<thead>\n<tr>\n<td style=\"width: 361.317px;\">\n<p><strong>Regelm\u00e4\u00dfige Unterst\u00fctzung f\u00fcr \u00f6rtliche Vereine &amp; Einrichtungen:<\/strong><\/p>\n<\/td>\n<td style=\"width: 637.683px;\">\n<ul style=\"list-style-type: disc;\">\n<li>SC Frasdorf<\/li>\n<li>Singgemeinschaft Frasdorf<\/li>\n<li>Trachtenverein Frasdorf<\/li>\n<li>Schulen in Frasdorf und Prien a. Chiemsee<\/li>\n<li>Krankenunterst\u00fctzungsverein<\/li>\n<li>Sch\u00fctzenverein Umratshausen<\/li>\n<li><a href=\"http:\/\/ewerk-buchauer.de\/index.php\/e-werks-fuehrungen\/\" target=\"_blank\" rel=\"noopener\">E-Werks F\u00fchrungen<\/a><\/li>\n<\/ul>\n<\/td>\n<\/tr>\n<tr>\n<td style=\"width: 361.317px;\">\n<p><strong>April 2024<\/strong><\/p>\n<p>\u00dcbergabe eines E-Autos an die Gemeinde Frasdorf<\/p>\n<\/td>\n<td style=\"width: 637.683px;\">\u00a0<a href=\"http:\/\/ewerk-buchauer.de\/wp-content\/uploads\/2024\/06\/E-Auto-Gemeinde-Frasdorf-Sponsorenfoto-scaled.jpg\" target=\"_blank\" rel=\"noopener\"><img loading=\"lazy\" class=\"\" src=\"http:\/\/ewerk-buchauer.de\/wp-content\/uploads\/2024\/06\/E-Auto-Gemeinde-Frasdorf-Sponsorenfoto-scaled.jpg\" alt=\"\" width=\"533\" height=\"352\" \/><\/a><\/td>\n<\/tr>\n<tr>\n<td style=\"width: 361.317px;\">\n<p><strong>Mai 2023<\/strong><\/p>\n<p>Unterst\u00fctzung der Herstellung des Stromaschlusses des Frasdorfer Festzeltes 2023:<\/p>\n<p>150 Jahre Freiwillige Feuerwehr Frasdorf &amp; 111 Jahre GTEV &#8222;Lamstoana&#8220; Frasdorf<\/p>\n<\/td>\n<td style=\"width: 637.683px;\">\u00a0<a href=\"http:\/\/ewerk-buchauer.de\/wp-content\/uploads\/2023\/06\/Festzelt2023-Anschluss-e1685969179593.png\" target=\"_blank\" rel=\"noopener\"><img loading=\"lazy\" class=\"alignleft\" src=\"http:\/\/ewerk-buchauer.de\/wp-content\/uploads\/2023\/06\/Festzelt2023-Anschluss-e1685969179593.png\" alt=\"\" width=\"163\" height=\"266\" \/><\/a> <a href=\"http:\/\/ewerk-buchauer.de\/wp-content\/uploads\/2023\/06\/Festzelt2023-Rueckbau.jpeg\" target=\"_blank\" rel=\"noopener\"><img loading=\"lazy\" class=\"alignleft\" src=\"http:\/\/ewerk-buchauer.de\/wp-content\/uploads\/2023\/06\/Festzelt2023-Rueckbau.jpeg\" alt=\"\" width=\"354\" height=\"266\" \/><\/a><\/td>\n<\/tr>\n<\/thead>\n<tbody>\n<tr>\n<td style=\"width: 361.317px;\">\n<p><strong>Juli 2021:<\/strong><\/p>\n<p>Erste Spiele der 2. Herrenmannschaft des SC Frasdorf im neuen E-Werk Trikot nach einer langen Corona-Pause<\/p>\n<\/td>\n<td style=\"width: 637.683px;\"><a href=\"http:\/\/ewerk-buchauer.de\/wp-content\/uploads\/2021\/09\/2.Herren_2021-min-scaled.jpeg\" target=\"_blank\" rel=\"noopener\"><img loading=\"lazy\" class=\"alignnone\" src=\"http:\/\/ewerk-buchauer.de\/wp-content\/uploads\/2021\/09\/2.Herren_2021-min-scaled.jpeg\" alt=\"2. Herrenmannschaft SCF\" width=\"420\" height=\"304\" \/><\/a><\/td>\n<\/tr>\n<tr>\n<td style=\"width: 361.317px;\">\n<p><strong>Januar 2021:<\/strong><\/p>\n<p>\u00dcbergabe der Geldspende \u00fcber 2.000 \u20ac durch Rupert und Carolin Buchauer an den Vorstand Andreas Wei\u00df.<\/p>\n<\/td>\n<td style=\"width: 637.683px;\"><a href=\"http:\/\/ewerk-buchauer.de\/wp-content\/uploads\/2021\/01\/SpendeSCF_11.2020.jpg\" target=\"_blank\" rel=\"noopener\"><img loading=\"lazy\" class=\"alignnone\" src=\"http:\/\/ewerk-buchauer.de\/wp-content\/uploads\/2021\/01\/SpendeSCF_11.2020.jpg\" alt=\"Geldspende SCF\" width=\"420\" height=\"215\" \/><\/a><\/td>\n<\/tr>\n<tr>\n<td style=\"width: 361.317px;\">\n<p><strong>November 2015:<\/strong><\/p>\n<p>Sponsoring von Fu\u00dfballtrikots f\u00fcr die U17 M\u00e4dchenmannschaft SG Frasdorf\/Aschau<\/p>\n<\/td>\n<td style=\"width: 637.683px;\"><a href=\"http:\/\/ewerk-buchauer.de\/wp-content\/uploads\/2016\/03\/Fussball.jpg\" target=\"_blank\" rel=\"noopener\"><img loading=\"lazy\" class=\"alignnone\" src=\"http:\/\/ewerk-buchauer.de\/wp-content\/uploads\/2016\/03\/Fussball.jpg\" alt=\"U17 SG Frasdorf\/Aschau\" width=\"427\" height=\"321\" \/><\/a><\/td>\n<\/tr>\n<tr>\n<td style=\"width: 361.317px;\">\n<p><strong>Sommer 2008:<\/strong><\/p>\n<p>Neue Fu\u00dfballtrikots f\u00fcr die Jugendmannschaften des SC Frasdorf<\/p>\n<\/td>\n<td style=\"width: 637.683px;\"><a href=\"http:\/\/ewerk-buchauer.de\/wp-content\/uploads\/2021\/09\/20210902_094155-min-scaled.jpg\" target=\"_blank\" rel=\"noopener\"><img loading=\"lazy\" class=\"alignnone\" src=\"http:\/\/ewerk-buchauer.de\/wp-content\/uploads\/2021\/09\/20210902_094155-min-scaled.jpg\" alt=\"E-Jugend SC Frasdorf\" width=\"428\" height=\"299\" \/><\/a><\/td>\n<\/tr>\n<tr>\n<td style=\"width: 361.317px;\">\n<p><strong>Oktober 2006:<\/strong><\/p>\n<p>Geldspende \u00fcber 1.000 \u20ac an den SC Frasdorf<\/p>\n<\/td>\n<td style=\"width: 637.683px;\"><a href=\"http:\/\/ewerk-buchauer.de\/wp-content\/uploads\/2021\/09\/20210902_094322-min-scaled.jpg\" target=\"_blank\" rel=\"noopener\"><img loading=\"lazy\" class=\"alignnone\" src=\"http:\/\/ewerk-buchauer.de\/wp-content\/uploads\/2021\/09\/20210902_094322-min-scaled.jpg\" alt=\"\" width=\"436\" height=\"315\" \/><\/a><\/td>\n<\/tr>\n<tr>\n<td style=\"width: 361.317px;\">\n<p><strong>Sommer 2001:<\/strong><\/p>\n<p>Sponsoring eines Fu\u00dfballtrikots an die Herrenmannschaft des SC Frasdorf<\/p>\n<\/td>\n<td style=\"width: 637.683px;\"><a href=\"http:\/\/ewerk-buchauer.de\/wp-content\/uploads\/2021\/09\/20210902_094043-min-scaled.jpg\" target=\"_blank\" rel=\"noopener\"><img loading=\"lazy\" class=\"alignnone\" src=\"http:\/\/ewerk-buchauer.de\/wp-content\/uploads\/2021\/09\/20210902_094043-min-scaled.jpg\" alt=\"Herrenmannschaft SCF\" width=\"434\" height=\"283\" \/><\/a><\/td>\n<\/tr>\n<\/tbody>\n<\/table>\n<\/div>\n<div style=\"text-align: center;\">\u00a0<\/div>\n<p style=\"text-align: center;\">\u00a0<\/p>\n\n\n\n<p><\/p>\n\n\n\n<div>&nbsp;<\/div>\n<div style=\"text-align: center;\">&nbsp;<\/div>\n<p style=\"text-align: center;\"><\/p>\n<\/div>\n<\/div>\n","protected":false},"excerpt":{"rendered":"<p>Seit Jahren f\u00f6rdern wir Projekte, die den \u00f6rtlichen Vereinen und Einrichtungen zu Gute kommen. \u00a0 Regelm\u00e4\u00dfige Unterst\u00fctzung f\u00fcr \u00f6rtliche Vereine &amp; Einrichtungen: SC Frasdorf Singgemeinschaft Frasdorf Trachtenverein Frasdorf Schulen in Frasdorf und Prien a. Chiemsee Krankenunterst\u00fctzungsverein Sch\u00fctzenverein Umratshausen E-Werks F\u00fchrungen April 2024 \u00dcbergabe eines E-Autos an die Gemeinde Frasdorf \u00a0 Mai 2023 Unterst\u00fctzung der Herstellung des Stromaschlusses des Frasdorfer Festzeltes 2023: 150 Jahre Freiwillige Feuerwehr Frasdorf &amp; 111 Jahre GTEV &#8222;Lamstoana&#8220; Frasdorf \u00a0 Juli 2021: Erste Spiele der 2. Herrenmannschaft des SC Frasdorf im neuen E-Werk Trikot nach einer langen Corona-Pause Januar 2021: \u00dcbergabe der Geldspende \u00fcber 2.000 \u20ac durch Rupert und Carolin Buchauer an den Vorstand Andreas Wei\u00df. November 2015: Sponsoring von Fu\u00dfballtrikots f\u00fcr die U17 M\u00e4dchenmannschaft SG Frasdorf\/Aschau Sommer 2008: Neue Fu\u00dfballtrikots f\u00fcr die Jugendmannschaften des SC Frasdorf Oktober 2006: Geldspende \u00fcber 1.000 \u20ac an den SC Frasdorf Sommer 2001: Sponsoring eines Fu\u00dfballtrikots an die Herrenmannschaft des SC Frasdorf \u00a0 \u00a0 &nbsp; &nbsp;<\/p>\n","protected":false},"author":1,"featured_media":0,"parent":0,"menu_order":0,"comment_status":"closed","ping_status":"closed","template":"","meta":[],"_links":{"self":[{"href":"http:\/\/ewerk-buchauer.de\/index.php\/wp-json\/wp\/v2\/pages\/513"}],"collection":[{"href":"http:\/\/ewerk-buchauer.de\/index.php\/wp-json\/wp\/v2\/pages"}],"about":[{"href":"http:\/\/ewerk-buchauer.de\/index.php\/wp-json\/wp\/v2\/types\/page"}],"author":[{"embeddable":true,"href":"http:\/\/ewerk-buchauer.de\/index.php\/wp-json\/wp\/v2\/users\/1"}],"replies":[{"embeddable":true,"href":"http:\/\/ewerk-buchauer.de\/index.php\/wp-json\/wp\/v2\/comments?post=513"}],"version-history":[{"count":73,"href":"http:\/\/ewerk-buchauer.de\/index.php\/wp-json\/wp\/v2\/pages\/513\/revisions"}],"predecessor-version":[{"id":2146,"href":"http:\/\/ewerk-buchauer.de\/index.php\/wp-json\/wp\/v2\/pages\/513\/revisions\/2146"}],"wp:attachment":[{"href":"http:\/\/ewerk-buchauer.de\/index.php\/wp-json\/wp\/v2\/media?parent=513"}],"curies":[{"name":"wp","href":"https:\/\/api.w.org\/{rel}","templated":true}]}}