{"id":292,"date":"2016-03-17T11:37:08","date_gmt":"2016-03-17T10:37:08","guid":{"rendered":"http:\/\/ewerk-buchauer.de\/?page_id=292"},"modified":"2024-03-14T11:22:10","modified_gmt":"2024-03-14T10:22:10","slug":"veroeffentlichungen-3","status":"publish","type":"page","link":"http:\/\/ewerk-buchauer.de\/index.php\/veroeffentlichungen-3\/","title":{"rendered":"Ver\u00f6ffentlichungen"},"content":{"rendered":"<p><strong>Dateien f\u00fcr Marktpartner zur Edifact-Kommunikation:<\/strong><\/p>\n<p><a href=\"http:\/\/ewerk-buchauer.de\/wp-content\/uploads\/2024\/03\/Kontaktdatenblatt-Buchauer-ab-01.03.2024-Lieferant.xlsx\" target=\"_blank\" rel=\"noopener\">Kontaktdatenblatt Lieferant ab dem 01.03.2024<\/a><\/p>\n<p><a href=\"http:\/\/ewerk-buchauer.de\/wp-content\/uploads\/2024\/03\/Buchauer-Zertifikate-ab-01.03.2024.zip\" target=\"_blank\" rel=\"noopener\">Zertifikat f\u00fcr die 1:1 Kommunikation ab dem 01.03.2024<\/a><\/p>\n<hr \/>\n<p style=\"text-align: left;\"><strong><span style=\"font-size: 12pt;\">Gesetze und Verordnungen:<\/span><\/strong><\/p>\n<p style=\"text-align: left;\"><strong>Strom GVV &#8211;\u00a0 <a href=\"http:\/\/www.gesetze-im-internet.de\/stromgvv\/index.html\" target=\"_blank\" rel=\"noopener\">Stromgrundversorgungsverordnung<\/a><\/strong><br \/>\nVerordnung \u00fcber Allgemeine Bedingungen f\u00fcr die Grundversorgung von Haushaltskunden und die Ersatzversorgung mit Elektrizit\u00e4t aus dem Niederspannungsnetz<\/p>\n<p style=\"text-align: left;\"><strong>ENWG &#8211;<\/strong>\u00a0<strong> <a href=\"http:\/\/www.gesetze-im-internet.de\/enwg_2005\/index.html\" target=\"_blank\" rel=\"noopener\">Energiewirtschaftsgesetz<\/a><\/strong><\/p>\n","protected":false},"excerpt":{"rendered":"<p>Dateien f\u00fcr Marktpartner zur Edifact-Kommunikation: Kontaktdatenblatt Lieferant ab dem 01.03.2024 Zertifikat f\u00fcr die 1:1 Kommunikation ab dem 01.03.2024 Gesetze und Verordnungen: Strom GVV &#8211;\u00a0 Stromgrundversorgungsverordnung Verordnung \u00fcber Allgemeine Bedingungen f\u00fcr die Grundversorgung von Haushaltskunden und die Ersatzversorgung mit Elektrizit\u00e4t aus dem Niederspannungsnetz ENWG &#8211;\u00a0 Energiewirtschaftsgesetz<\/p>\n","protected":false},"author":1,"featured_media":0,"parent":0,"menu_order":0,"comment_status":"closed","ping_status":"closed","template":"","meta":[],"_links":{"self":[{"href":"http:\/\/ewerk-buchauer.de\/index.php\/wp-json\/wp\/v2\/pages\/292"}],"collection":[{"href":"http:\/\/ewerk-buchauer.de\/index.php\/wp-json\/wp\/v2\/pages"}],"about":[{"href":"http:\/\/ewerk-buchauer.de\/index.php\/wp-json\/wp\/v2\/types\/page"}],"author":[{"embeddable":true,"href":"http:\/\/ewerk-buchauer.de\/index.php\/wp-json\/wp\/v2\/users\/1"}],"replies":[{"embeddable":true,"href":"http:\/\/ewerk-buchauer.de\/index.php\/wp-json\/wp\/v2\/comments?post=292"}],"version-history":[{"count":24,"href":"http:\/\/ewerk-buchauer.de\/index.php\/wp-json\/wp\/v2\/pages\/292\/revisions"}],"predecessor-version":[{"id":2089,"href":"http:\/\/ewerk-buchauer.de\/index.php\/wp-json\/wp\/v2\/pages\/292\/revisions\/2089"}],"wp:attachment":[{"href":"http:\/\/ewerk-buchauer.de\/index.php\/wp-json\/wp\/v2\/media?parent=292"}],"curies":[{"name":"wp","href":"https:\/\/api.w.org\/{rel}","templated":true}]}}