{"id":244,"date":"2016-03-17T10:25:56","date_gmt":"2016-03-17T09:25:56","guid":{"rendered":"http:\/\/ewerk-buchauer.de\/?page_id=244"},"modified":"2021-03-11T16:58:25","modified_gmt":"2021-03-11T15:58:25","slug":"geschichte","status":"publish","type":"page","link":"http:\/\/ewerk-buchauer.de\/index.php\/geschichte\/","title":{"rendered":"Geschichte (alt)"},"content":{"rendered":"\n<div class=\"wp-block-group\"><div class=\"wp-block-group__inner-container\">\n<p>Zur Geschichte des E-Werk&#8217;s:<\/p>\n\n\n\n<div class=\"wp-block-columns\">\n<div class=\"wp-block-column is-vertically-aligned-top\" style=\"flex-basis:100%\">\n<figure class=\"wp-block-table is-style-regular\"><table><tbody><tr><td>1903<\/td><td>Das Anwesen vom Schlosser- M\u00fcller in Oberprienm\u00fchle wird von\u00a0 Josef Buchauer, Oswald &#8211; Sohn aus Leitenberg, ersteigert.<br>Es besteht aus einer kleinen S\u00e4gem\u00fchle und einer Landwirtschaft.<\/td><\/tr><tr><td>1904<\/td><td>Die S\u00e4gem\u00fchle wird durch den Einbau einer Francis- Zwillings-<br>Turbine auf Wasserkraft umgebaut und in Betrieb genommen.<br>Die Landwirtschaft wird verkauft.<\/td><\/tr><tr><td>1912<\/td><td>Es wird die erste Trafostation gebaut, um Strom von der OB\u00dcZ<br>dazuzukaufen. So wurde\u00a0 eine Netzverbindung zur Oberbayrischen \u00dcberlandzentrale (sp\u00e4ter IAW, heute Bayernwerk) geschaffen.<\/td><\/tr><tr><td>1921<\/td><td>Josef Buchauer gr\u00fcndet eine Gesellschaft mit seinen Neffen<br>Georg Buchauer, Oswald- Sohn aus Leitenberg, und Josef Buchauer (Vater vom Soag- Sepp).<br> Georg wird als Betriebsleiter des E- Werks eingesetzt, Josef leitet das S\u00e4gewerk.<\/td><\/tr><tr><td>1930<\/td><td>Georg ist fortan alleine f\u00fcr das E- Werk zust\u00e4ndig, weil Josef Buchauer inzwischen (1927)\u00a0verstorben ist und Josef das S\u00e4gewerk in Frasdorf f\u00fchrt.<\/td><\/tr><tr><td>1935<\/td><td>Installation eines Dieselaggregates.<\/td><\/tr><tr><td>1954<\/td><td>Rupert Buchauer, Sohn von Georg, \u00fcbernimmt das E- Werk.<\/td><\/tr><tr><td>1958<\/td><td>Umstellung von Gleichstrom auf Drehstrom.<\/td><\/tr><tr><td>1958 &#8211; 2002<\/td><td>Bau mehrerer Trafostationen in Frasdorf und seinen Ortsteilen.<\/td><\/tr><tr><td>1985<\/td><td>Beginn der Erdkabelverlegung.<\/td><\/tr><tr><td>1997<\/td><td>\u00dcbernahme des E- Werks von Rupert Buchauer, jun.<\/td><\/tr><tr><td>2004<\/td><td>100-Jahr- Feier des E-Werks.<\/td><\/tr><tr><td>2009<\/td><td>Bau einer Fischaufstiegshilfe in der Prien (die zweite im Verlauf der gesamten Prien).<\/td><\/tr><tr><td>2010<\/td><td>Komplette Erneuerung des E- Werks: Einbau einer Kaplan-Turbine mit Generator und Steuerung um die Effektivit\u00e4t, zur Erzeugung umweltfreundlichen Stroms, noch weiter zu erh\u00f6hen. <\/td><\/tr><tr><td>2013<\/td><td>Anschaffung eines Elektroautos.<\/td><\/tr><tr><td>2016<\/td><td>Weitere Erdkabelverlegung im Netz in Planung.<\/td><\/tr><tr><td>2020<\/td><td>Einstieg der Tochter Carolin in das Stromversorgungsunternehmen als Nachfolgerin.<\/td><\/tr><tr><td><\/td><td><\/td><\/tr><tr><td><\/td><td><\/td><\/tr><tr><td><\/td><td><\/td><\/tr><\/tbody><\/table><\/figure>\n\n\n\n<div class=\"wp-block-columns\">\n<div class=\"wp-block-column\" style=\"flex-basis:100%\">\n<p style=\"text-align: left;\"><span style=\"font-size: 12pt;\"><strong>\u00dcber uns:<\/strong><\/span><\/p>\n<p style=\"text-align: left;\">Wir sind ein privates, eigenst\u00e4ndiges, \u00f6rtliches E-Werk mit ca. 700 Stromkunden, davon ca. 150 Kunden au\u00dferhalb unseres eigenen Versorgungsgebietes.<\/p>\n<p style=\"text-align: left;\"><strong>Familie Buchauer:<\/strong><\/p>\n<p style=\"text-align: left;\"><img loading=\"lazy\" class=\"alignnone\" src=\"http:\/\/ewerk-buchauer.de\/wp-content\/uploads\/2020\/11\/Familie-Buchauer-2020-min-e1604680544605.jpg\" width=\"555\" height=\"292\" \/><\/p>\n<div style=\"text-align: left;\">\u00a0<\/div>\n<div style=\"text-align: left;\">\u00a0 \u00a0 \u00a0 \u00a0 \u00a0\u00a0<\/div>\n<div><a href=\"http:\/\/ewerk-buchauer.de\/wp-content\/uploads\/2016\/03\/Ewerkbesitzer2.jpg\" target=\"_blank\" rel=\"attachment noopener wp-att-743\"><img loading=\"lazy\" class=\"alignnone wp-image-743 size-full alignleft\" src=\"http:\/\/ewerk-buchauer.de\/wp-content\/uploads\/2016\/03\/Ewerkbesitzer2.jpg\" alt=\"Ewerkbesitzer2\" width=\"589\" height=\"302\" \/><\/a><\/div>\n\n\n\n<p><strong>Bildergalerie:<\/strong><\/p>\n<\/div>\n<\/div>\n<\/div>\n<\/div>\n<\/div><\/div>\n\n\n\n<div class=\"wp-block-columns\">\n<div class=\"wp-block-column\">\n<div class=\"wp-block-group\"><div class=\"wp-block-group__inner-container\">\n<figure class=\"wp-block-image size-large\"><img loading=\"lazy\" width=\"1024\" height=\"768\" src=\"http:\/\/ewerk-buchauer.de\/wp-content\/uploads\/2016\/03\/Bildergalerie-1-1024x768.jpg\" alt=\"\" class=\"wp-image-555\" srcset=\"http:\/\/ewerk-buchauer.de\/wp-content\/uploads\/2016\/03\/Bildergalerie-1-1024x768.jpg 1024w, http:\/\/ewerk-buchauer.de\/wp-content\/uploads\/2016\/03\/Bildergalerie-1-300x225.jpg 300w, http:\/\/ewerk-buchauer.de\/wp-content\/uploads\/2016\/03\/Bildergalerie-1-768x576.jpg 768w, http:\/\/ewerk-buchauer.de\/wp-content\/uploads\/2016\/03\/Bildergalerie-1-400x300.jpg 400w, http:\/\/ewerk-buchauer.de\/wp-content\/uploads\/2016\/03\/Bildergalerie-1.jpg 1280w\" sizes=\"(max-width: 1024px) 100vw, 1024px\" \/><figcaption>Original Turbine bis 2010: \u201eFrancis &#8211; Zwillings -Turbine\u201c (der Firma Brigleb &amp; Hansen aus Gotha)<\/figcaption><\/figure>\n<\/div><\/div>\n<\/div>\n\n\n\n<div class=\"wp-block-column\">\n<figure class=\"wp-block-image size-large\"><img loading=\"lazy\" width=\"1024\" height=\"768\" src=\"http:\/\/ewerk-buchauer.de\/wp-content\/uploads\/2016\/03\/Bildergalerie-2-1024x768.jpg\" alt=\"\" class=\"wp-image-556\" srcset=\"http:\/\/ewerk-buchauer.de\/wp-content\/uploads\/2016\/03\/Bildergalerie-2-1024x768.jpg 1024w, http:\/\/ewerk-buchauer.de\/wp-content\/uploads\/2016\/03\/Bildergalerie-2-300x225.jpg 300w, http:\/\/ewerk-buchauer.de\/wp-content\/uploads\/2016\/03\/Bildergalerie-2-768x576.jpg 768w, http:\/\/ewerk-buchauer.de\/wp-content\/uploads\/2016\/03\/Bildergalerie-2-400x300.jpg 400w, http:\/\/ewerk-buchauer.de\/wp-content\/uploads\/2016\/03\/Bildergalerie-2.jpg 1280w\" sizes=\"(max-width: 1024px) 100vw, 1024px\" \/><figcaption>Turbinenraum nach Umbau mit Kaplan Turbine (der Firma HSI GmbH aus Morbach)<\/figcaption><\/figure>\n<\/div>\n\n\n\n<div class=\"wp-block-column\">\n<figure class=\"wp-block-image size-large\"><img loading=\"lazy\" width=\"1024\" height=\"768\" src=\"http:\/\/ewerk-buchauer.de\/wp-content\/uploads\/2016\/03\/Turbinenraumco-1024x768.jpg\" alt=\"\" class=\"wp-image-745\" srcset=\"http:\/\/ewerk-buchauer.de\/wp-content\/uploads\/2016\/03\/Turbinenraumco-1024x768.jpg 1024w, http:\/\/ewerk-buchauer.de\/wp-content\/uploads\/2016\/03\/Turbinenraumco-300x225.jpg 300w, http:\/\/ewerk-buchauer.de\/wp-content\/uploads\/2016\/03\/Turbinenraumco-768x576.jpg 768w, http:\/\/ewerk-buchauer.de\/wp-content\/uploads\/2016\/03\/Turbinenraumco-400x300.jpg 400w, http:\/\/ewerk-buchauer.de\/wp-content\/uploads\/2016\/03\/Turbinenraumco.jpg 1280w\" sizes=\"(max-width: 1024px) 100vw, 1024px\" \/><figcaption>Turbinenraum (mit Turbine, Generator und Schalttafel)<\/figcaption><\/figure>\n\n\n\n<p><\/p>\n<\/div>\n<\/div>\n\n\n\n<div class=\"wp-block-columns\">\n<div class=\"wp-block-column\">\n<figure class=\"wp-block-image size-large\"><img loading=\"lazy\" width=\"1024\" height=\"768\" src=\"http:\/\/ewerk-buchauer.de\/wp-content\/uploads\/2016\/03\/WehrNeu-1024x768.jpg\" alt=\"\" class=\"wp-image-682\" srcset=\"http:\/\/ewerk-buchauer.de\/wp-content\/uploads\/2016\/03\/WehrNeu-1024x768.jpg 1024w, http:\/\/ewerk-buchauer.de\/wp-content\/uploads\/2016\/03\/WehrNeu-300x225.jpg 300w, http:\/\/ewerk-buchauer.de\/wp-content\/uploads\/2016\/03\/WehrNeu-768x576.jpg 768w, http:\/\/ewerk-buchauer.de\/wp-content\/uploads\/2016\/03\/WehrNeu-400x300.jpg 400w, http:\/\/ewerk-buchauer.de\/wp-content\/uploads\/2016\/03\/WehrNeu.jpg 1280w\" sizes=\"(max-width: 1024px) 100vw, 1024px\" \/><figcaption>Wehr<\/figcaption><\/figure>\n<\/div>\n\n\n\n<div class=\"wp-block-column\">\n<figure class=\"wp-block-image size-large\"><img loading=\"lazy\" width=\"1024\" height=\"768\" src=\"http:\/\/ewerk-buchauer.de\/wp-content\/uploads\/2016\/03\/Rechenreiniger-2-1-1024x768.jpg\" alt=\"\" class=\"wp-image-738\" srcset=\"http:\/\/ewerk-buchauer.de\/wp-content\/uploads\/2016\/03\/Rechenreiniger-2-1-1024x768.jpg 1024w, http:\/\/ewerk-buchauer.de\/wp-content\/uploads\/2016\/03\/Rechenreiniger-2-1-300x225.jpg 300w, http:\/\/ewerk-buchauer.de\/wp-content\/uploads\/2016\/03\/Rechenreiniger-2-1-768x576.jpg 768w, http:\/\/ewerk-buchauer.de\/wp-content\/uploads\/2016\/03\/Rechenreiniger-2-1-400x300.jpg 400w, http:\/\/ewerk-buchauer.de\/wp-content\/uploads\/2016\/03\/Rechenreiniger-2-1.jpg 1280w\" sizes=\"(max-width: 1024px) 100vw, 1024px\" \/><figcaption>Querrechenreiniger<\/figcaption><\/figure>\n<\/div>\n\n\n\n<div class=\"wp-block-column\">\n<figure class=\"wp-block-image size-large\"><img loading=\"lazy\" width=\"1024\" height=\"768\" src=\"http:\/\/ewerk-buchauer.de\/wp-content\/uploads\/2016\/03\/Bildergalerie-3-1024x768.jpg\" alt=\"\" class=\"wp-image-558\" srcset=\"http:\/\/ewerk-buchauer.de\/wp-content\/uploads\/2016\/03\/Bildergalerie-3-1024x768.jpg 1024w, http:\/\/ewerk-buchauer.de\/wp-content\/uploads\/2016\/03\/Bildergalerie-3-300x225.jpg 300w, http:\/\/ewerk-buchauer.de\/wp-content\/uploads\/2016\/03\/Bildergalerie-3-768x576.jpg 768w, http:\/\/ewerk-buchauer.de\/wp-content\/uploads\/2016\/03\/Bildergalerie-3-400x300.jpg 400w, http:\/\/ewerk-buchauer.de\/wp-content\/uploads\/2016\/03\/Bildergalerie-3.jpg 1280w\" sizes=\"(max-width: 1024px) 100vw, 1024px\" \/><figcaption>Schleuse (vorm Wehr)<\/figcaption><\/figure>\n<\/div>\n<\/div>\n\n\n\n<div class=\"wp-block-columns\">\n<div class=\"wp-block-column\">\n<figure class=\"wp-block-image size-large\"><img loading=\"lazy\" width=\"1024\" height=\"769\" src=\"http:\/\/ewerk-buchauer.de\/wp-content\/uploads\/2016\/03\/Bildergalerie-4-1024x769.jpg\" alt=\"\" class=\"wp-image-559\" srcset=\"http:\/\/ewerk-buchauer.de\/wp-content\/uploads\/2016\/03\/Bildergalerie-4-1024x769.jpg 1024w, http:\/\/ewerk-buchauer.de\/wp-content\/uploads\/2016\/03\/Bildergalerie-4-300x225.jpg 300w, http:\/\/ewerk-buchauer.de\/wp-content\/uploads\/2016\/03\/Bildergalerie-4-768x577.jpg 768w, http:\/\/ewerk-buchauer.de\/wp-content\/uploads\/2016\/03\/Bildergalerie-4-400x300.jpg 400w, http:\/\/ewerk-buchauer.de\/wp-content\/uploads\/2016\/03\/Bildergalerie-4.jpg 1280w\" sizes=\"(max-width: 1024px) 100vw, 1024px\" \/><figcaption>Leerschuss<\/figcaption><\/figure>\n<\/div>\n\n\n\n<div class=\"wp-block-column\"><\/div>\n\n\n\n<div class=\"wp-block-column\"><\/div>\n<\/div>\n","protected":false},"excerpt":{"rendered":"","protected":false},"author":1,"featured_media":0,"parent":0,"menu_order":0,"comment_status":"closed","ping_status":"closed","template":"","meta":[],"_links":{"self":[{"href":"http:\/\/ewerk-buchauer.de\/index.php\/wp-json\/wp\/v2\/pages\/244"}],"collection":[{"href":"http:\/\/ewerk-buchauer.de\/index.php\/wp-json\/wp\/v2\/pages"}],"about":[{"href":"http:\/\/ewerk-buchauer.de\/index.php\/wp-json\/wp\/v2\/types\/page"}],"author":[{"embeddable":true,"href":"http:\/\/ewerk-buchauer.de\/index.php\/wp-json\/wp\/v2\/users\/1"}],"replies":[{"embeddable":true,"href":"http:\/\/ewerk-buchauer.de\/index.php\/wp-json\/wp\/v2\/comments?post=244"}],"version-history":[{"count":118,"href":"http:\/\/ewerk-buchauer.de\/index.php\/wp-json\/wp\/v2\/pages\/244\/revisions"}],"predecessor-version":[{"id":1741,"href":"http:\/\/ewerk-buchauer.de\/index.php\/wp-json\/wp\/v2\/pages\/244\/revisions\/1741"}],"wp:attachment":[{"href":"http:\/\/ewerk-buchauer.de\/index.php\/wp-json\/wp\/v2\/media?parent=244"}],"curies":[{"name":"wp","href":"https:\/\/api.w.org\/{rel}","templated":true}]}}