{"id":231,"date":"2016-03-17T10:18:03","date_gmt":"2016-03-17T09:18:03","guid":{"rendered":"http:\/\/ewerk-buchauer.de\/?page_id=231"},"modified":"2025-12-22T15:56:43","modified_gmt":"2025-12-22T14:56:43","slug":"elektroinstallation","status":"publish","type":"page","link":"http:\/\/ewerk-buchauer.de\/index.php\/elektroinstallation\/","title":{"rendered":"Elektroinstallation &#038; Hausger\u00e4te"},"content":{"rendered":"<p><\/p>\n\n\n<h3 class=\"has-text-align-center\">\u00dcbergabe<\/h3>\n\n\n\n<p><\/p>\n\n\n\n<div class=\"wp-block-columns\">\n<div class=\"wp-block-column\">\n<p>Nach \u00fcber 120 Jahren E-Werk und Elektrotechnik Rupert Buchauer <strong>\u00fcbergeben wir die Sparte \u201eElektrotechnik\/Installation\/Hausger\u00e4te\u201c zum 01.01.2026 an unseren Nachfolger B\u00f6ck Elektrotechnik &amp; Hausger\u00e4te.<\/strong><\/p>\n<p>Wir freuen uns sehr, dass wir Ihnen mit Herrn Michael B\u00f6ck einen einheimischen Nachfolger vorstellen d\u00fcrfen, mit dem wir Sie zuk\u00fcnftig in besten H\u00e4nden wissen.<\/p>\n<p>Herr B\u00f6ck ist noch bis 31.12.2025 als angestellter Meister bei uns t\u00e4tig und wird ab 01.01.2026 auf selbstst\u00e4ndiger Basis alle Arbeiten und Beratungen rund um Elektrotechnik, Installationen, Hausger\u00e4te und PV-Anlagen \u00fcbernehmen.<\/p>\n<\/div>\n\n\n\n<div class=\"wp-block-column\">\n<figure class=\"wp-block-image size-large is-resized\"><img loading=\"lazy\" src=\"http:\/\/ewerk-buchauer.de\/wp-content\/uploads\/2024\/07\/IMG_3410_-_bearbeitet-removebg-preview1.png\" alt=\"\" class=\"wp-image-2157\" width=\"480\" height=\"359\" srcset=\"http:\/\/ewerk-buchauer.de\/wp-content\/uploads\/2024\/07\/IMG_3410_-_bearbeitet-removebg-preview1.png 577w, http:\/\/ewerk-buchauer.de\/wp-content\/uploads\/2024\/07\/IMG_3410_-_bearbeitet-removebg-preview1-300x225.png 300w\" sizes=\"(max-width: 480px) 100vw, 480px\" \/><figcaption>Rupert Buchauer begr\u00fc\u00dft den Elektromeister Michael B\u00f6ck im Team!<\/figcaption><\/figure>\n\n\n\n<p><\/p>\n<\/div>\n<\/div>\n\n\n\n<p>Michael B\u00f6ck erreichen Sie unter folgenden Kontaktdaten:<\/p>\n\n\n\n<p><strong>Michael B\u00f6ck Elektrotechnik &amp; Hausger\u00e4te<\/strong><\/p>\n\n\n\n<p><strong>Oberhamberg 1, 83253 Rimsting<\/strong><\/p>\n\n\n\n<p><strong>Telefon: 0162\/5183060<\/strong><\/p>\n\n\n\n<p><strong>E-Mail: www.boeck-elektrotechnik.de<\/strong><\/p>\n\n\n\n<p><strong>Homepage: <a href=\"https:\/\/www.boeck-elektrotechnik.de\/\" target=\"_blank\" rel=\"noreferrer noopener\">www.boeck-elektrotechnik.de<\/a><\/strong><\/p>\n\n\n\n<p>Wir bedanken uns ganz herzlich f\u00fcr Ihr entgegengebrachtes Vertrauen und Ihre Treue all die Jahre, teils Jahrzehnte. Wir w\u00fcnschen Ihnen f\u00fcr die Zukunft alles Gute und hoffen auf eine ebenso erfolgreiche Zusammenarbeit mit Herrn B\u00f6ck.<\/p>\n","protected":false},"excerpt":{"rendered":"<p>\u00dcbergabe Nach \u00fcber 120 Jahren E-Werk und Elektrotechnik Rupert Buchauer \u00fcbergeben wir die Sparte \u201eElektrotechnik\/Installation\/Hausger\u00e4te\u201c zum 01.01.2026 an unseren Nachfolger B\u00f6ck Elektrotechnik &amp; Hausger\u00e4te. Wir freuen uns sehr, dass wir Ihnen mit Herrn Michael B\u00f6ck einen einheimischen Nachfolger vorstellen d\u00fcrfen, mit dem wir Sie zuk\u00fcnftig in besten H\u00e4nden wissen. Herr B\u00f6ck ist noch bis 31.12.2025 als angestellter Meister bei uns t\u00e4tig und wird ab 01.01.2026 auf selbstst\u00e4ndiger Basis alle Arbeiten und Beratungen rund um Elektrotechnik, Installationen, Hausger\u00e4te und PV-Anlagen \u00fcbernehmen. Michael B\u00f6ck erreichen Sie unter folgenden Kontaktdaten: Michael B\u00f6ck Elektrotechnik &amp; Hausger\u00e4te Oberhamberg 1, 83253 Rimsting Telefon: 0162\/5183060 E-Mail: www.boeck-elektrotechnik.de Homepage: www.boeck-elektrotechnik.de Wir bedanken uns ganz herzlich f\u00fcr Ihr entgegengebrachtes Vertrauen und Ihre Treue all die Jahre, teils Jahrzehnte. Wir w\u00fcnschen Ihnen f\u00fcr die Zukunft alles Gute und hoffen auf eine ebenso erfolgreiche Zusammenarbeit mit Herrn B\u00f6ck.<\/p>\n","protected":false},"author":1,"featured_media":0,"parent":0,"menu_order":0,"comment_status":"closed","ping_status":"closed","template":"","meta":[],"_links":{"self":[{"href":"http:\/\/ewerk-buchauer.de\/index.php\/wp-json\/wp\/v2\/pages\/231"}],"collection":[{"href":"http:\/\/ewerk-buchauer.de\/index.php\/wp-json\/wp\/v2\/pages"}],"about":[{"href":"http:\/\/ewerk-buchauer.de\/index.php\/wp-json\/wp\/v2\/types\/page"}],"author":[{"embeddable":true,"href":"http:\/\/ewerk-buchauer.de\/index.php\/wp-json\/wp\/v2\/users\/1"}],"replies":[{"embeddable":true,"href":"http:\/\/ewerk-buchauer.de\/index.php\/wp-json\/wp\/v2\/comments?post=231"}],"version-history":[{"count":19,"href":"http:\/\/ewerk-buchauer.de\/index.php\/wp-json\/wp\/v2\/pages\/231\/revisions"}],"predecessor-version":[{"id":2389,"href":"http:\/\/ewerk-buchauer.de\/index.php\/wp-json\/wp\/v2\/pages\/231\/revisions\/2389"}],"wp:attachment":[{"href":"http:\/\/ewerk-buchauer.de\/index.php\/wp-json\/wp\/v2\/media?parent=231"}],"curies":[{"name":"wp","href":"https:\/\/api.w.org\/{rel}","templated":true}]}}