{"id":2211,"date":"2024-10-25T09:27:07","date_gmt":"2024-10-25T07:27:07","guid":{"rendered":"http:\/\/ewerk-buchauer.de\/?page_id=2211"},"modified":"2025-12-30T12:08:35","modified_gmt":"2025-12-30T11:08:35","slug":"aktuelles","status":"publish","type":"page","link":"http:\/\/ewerk-buchauer.de\/index.php\/aktuelles\/","title":{"rendered":"Aktuelles"},"content":{"rendered":"\n<figure class=\"wp-block-table is-style-stripes\"><table><thead><tr><th>Erscheinung<\/th><th class=\"has-text-align-left\" data-align=\"left\">Bericht<\/th><\/tr><\/thead><tbody><tr><td>ab 2026<\/td><td class=\"has-text-align-left\" data-align=\"left\"><strong><a href=\"https:\/\/ewerk-buchauer.de\/index.php\/stromversorgung-e-werk-buchauer-wird-zu-e-werk-stern\/\" data-type=\"URL\" data-id=\"https:\/\/ewerk-buchauer.de\/index.php\/stromversorgung-e-werk-buchauer-wird-zu-e-werk-stern\/\" target=\"_blank\" rel=\"noreferrer noopener\">Stromversorgung E-Werk Buchauer wird zu E-Werk Stern<\/a><\/strong><\/td><\/tr><tr><td>ab 2026<\/td><td class=\"has-text-align-left\" data-align=\"left\"><a href=\"https:\/\/ewerk-buchauer.de\/index.php\/elektroinstallation\/\" target=\"_blank\" rel=\"noreferrer noopener\"><strong>Michael B\u00f6ck \u00fcbernimmt die Sparte &#8222;Elektrotechnik &amp; Hausger\u00e4te Buchauer&#8220;<\/strong><\/a><\/td><\/tr><tr><td>10.2025<\/td><td class=\"has-text-align-left\" data-align=\"left\">Die Stern Strom GmbH unterst\u00fctzt den SC Frasdorf<br><img loading=\"lazy\" width=\"2560\" height=\"1706\" class=\"wp-image-2348\" style=\"width: 400px;\" src=\"http:\/\/ewerk-buchauer.de\/wp-content\/uploads\/2025\/10\/IMG_5941-scaled.jpg\" alt=\"\" srcset=\"http:\/\/ewerk-buchauer.de\/wp-content\/uploads\/2025\/10\/IMG_5941-scaled.jpg 2560w, http:\/\/ewerk-buchauer.de\/wp-content\/uploads\/2025\/10\/IMG_5941-300x200.jpg 300w, http:\/\/ewerk-buchauer.de\/wp-content\/uploads\/2025\/10\/IMG_5941-1024x682.jpg 1024w, http:\/\/ewerk-buchauer.de\/wp-content\/uploads\/2025\/10\/IMG_5941-768x512.jpg 768w, http:\/\/ewerk-buchauer.de\/wp-content\/uploads\/2025\/10\/IMG_5941-1536x1024.jpg 1536w, http:\/\/ewerk-buchauer.de\/wp-content\/uploads\/2025\/10\/IMG_5941-2048x1365.jpg 2048w, http:\/\/ewerk-buchauer.de\/wp-content\/uploads\/2025\/10\/IMG_5941-1140x760.jpg 1140w\" sizes=\"(max-width: 2560px) 100vw, 2560px\" \/><\/td><\/tr><tr><td>06.2025<\/td><td class=\"has-text-align-left\" data-align=\"left\"><a href=\"https:\/\/ewerk-buchauer.de\/index.php\/neue-meldepflicht-beim-umzug-ab-juni-2025\/\" data-type=\"URL\" data-id=\"https:\/\/ewerk-buchauer.de\/index.php\/neue-meldepflicht-beim-umzug-ab-juni-2025\/\" target=\"_blank\" rel=\"noreferrer noopener\">Neue Meldepflicht beim Umzug ab Juni 2025<\/a><\/td><\/tr><tr><td>12.2024<\/td><td class=\"has-text-align-left\" data-align=\"left\"><strong>120 Jahre E-Werk Buchauer<\/strong>: &#8222;Auf an Ratsch im E-Werk &amp; Elektrotechnik Buchauer&#8220; &#8211; Bericht in der Dorfzeitung Frasdorf<br><a href=\"http:\/\/ewerk-buchauer.de\/wp-content\/uploads\/2024\/12\/Dorfzeitung_12J_Seite1_2024.pdf\" target=\"_blank\" rel=\"noreferrer noopener\">Seite 1<\/a>, <a href=\"http:\/\/ewerk-buchauer.de\/wp-content\/uploads\/2024\/12\/WSA_120J_Seite320241127135606.pdf\" target=\"_blank\" rel=\"noreferrer noopener\">Seite 2<\/a><\/td><\/tr><tr><td>10.2024<\/td><td class=\"has-text-align-left\" data-align=\"left\">Faktensammlung zur These: &#8222;<a href=\"http:\/\/ewerk-buchauer.de\/wp-content\/uploads\/2024\/10\/EDN-evu-Faktensammlung-Finale-Version.pdf\" target=\"_blank\" rel=\"noreferrer noopener\">Es gibt zu viele Netzbetreiber in Deutschland<\/a>&#8222;<\/td><\/tr><tr><td>09.2024<\/td><td class=\"has-text-align-left\" data-align=\"left\"><strong>120 Jahre E-Werk Buchauer:<\/strong> &#8222;Strom aus Frasdorf f\u00fcr Frasdorf&#8220;- Bericht im Wendelsteinanzeiger, Ausgabe 42<br><a rel=\"noreferrer noopener\" href=\"http:\/\/ewerk-buchauer.de\/wp-content\/uploads\/2024\/12\/WSA_120J_Seite120241127135306.pdf\" target=\"_blank\">Seite 1<\/a>, <a rel=\"noreferrer noopener\" href=\"http:\/\/ewerk-buchauer.de\/wp-content\/uploads\/2024\/12\/WSA_120J_Seite220241127135454.pdf\" target=\"_blank\">Seite 2<\/a>, <a rel=\"noreferrer noopener\" href=\"http:\/\/ewerk-buchauer.de\/wp-content\/uploads\/2024\/12\/WSA_120J_Seite320241127135606.pdf\" target=\"_blank\">Seite 3<\/a><\/td><\/tr><tr><td>08.2024<\/td><td class=\"has-text-align-left\" data-align=\"left\"><a rel=\"noreferrer noopener\" href=\"http:\/\/ewerk-buchauer.de\/wp-content\/uploads\/2024\/12\/Werbung_Boeck_ohneText.jpg\" target=\"_blank\"><img loading=\"lazy\" width=\"459\" height=\"534\" class=\"wp-image-2252\" style=\"width: 150px;\" src=\"http:\/\/ewerk-buchauer.de\/wp-content\/uploads\/2024\/12\/Werbung_Boeck_ohneText.jpg\" alt=\"\" srcset=\"http:\/\/ewerk-buchauer.de\/wp-content\/uploads\/2024\/12\/Werbung_Boeck_ohneText.jpg 459w, http:\/\/ewerk-buchauer.de\/wp-content\/uploads\/2024\/12\/Werbung_Boeck_ohneText-258x300.jpg 258w\" sizes=\"(max-width: 459px) 100vw, 459px\" \/><\/a><br>Michael B\u00f6ck unterst\u00fctzt unseren Familienbetrieb ab sofort in allen Arbeiten rund um Installation und Hausger\u00e4te.<br>Wir freuen uns \u00fcber Ihre Auftr\u00e4ge!<\/td><\/tr><\/tbody><\/table><\/figure>\n\n\n\n<figure class=\"wp-block-image size-large\"><img loading=\"lazy\" width=\"697\" height=\"561\" src=\"http:\/\/ewerk-buchauer.de\/wp-content\/uploads\/2024\/12\/120-Jahre-EWB.jpg\" alt=\"\" class=\"wp-image-2242\" srcset=\"http:\/\/ewerk-buchauer.de\/wp-content\/uploads\/2024\/12\/120-Jahre-EWB.jpg 697w, http:\/\/ewerk-buchauer.de\/wp-content\/uploads\/2024\/12\/120-Jahre-EWB-300x241.jpg 300w\" sizes=\"(max-width: 697px) 100vw, 697px\" \/><figcaption><strong>2024<\/strong><\/figcaption><\/figure>\n\n\n\n<figure class=\"wp-block-table is-style-stripes\"><table><tbody><tr><td>07.2004<\/td><td><strong>100 Jahre E-Werk Buchauer<\/strong>: &#8222;Familie Buchauer setzt Frasdorf seit 100 Jahren unter Strom&#8220; &#8211; Bericht im OVB<br><a rel=\"noreferrer noopener\" href=\"http:\/\/ewerk-buchauer.de\/wp-content\/uploads\/2024\/12\/Zeitungsartikel_100Jahre-1.jpg\" target=\"_blank\">Seite 1<\/a>, <a rel=\"noreferrer noopener\" href=\"http:\/\/ewerk-buchauer.de\/wp-content\/uploads\/2024\/12\/Zeitungsartikel_100Jahre-2.jpg\" target=\"_blank\">Seite 2<\/a>, <br><strong>100 Jahre E-Werk Buchauer<\/strong>: &#8222;100 Jahre Strom f\u00fcr Frasdorf&#8220; &#8211; Bericht im OVB<br><a rel=\"noreferrer noopener\" href=\"http:\/\/ewerk-buchauer.de\/wp-content\/uploads\/2024\/12\/Zeitungsartikel_100Jahre-3.jpg\" target=\"_blank\">Seite 1<\/a><\/td><\/tr><tr><td><\/td><td><\/td><\/tr><\/tbody><\/table><\/figure>\n","protected":false},"excerpt":{"rendered":"<p>Erscheinung Bericht ab 2026 Stromversorgung E-Werk Buchauer wird zu E-Werk Stern ab 2026 Michael B\u00f6ck \u00fcbernimmt die Sparte &#8222;Elektrotechnik &amp; Hausger\u00e4te Buchauer&#8220; 10.2025 Die Stern Strom GmbH unterst\u00fctzt den SC Frasdorf 06.2025 Neue Meldepflicht beim Umzug ab Juni 2025 12.2024 120 Jahre E-Werk Buchauer: &#8222;Auf an Ratsch im E-Werk &amp; Elektrotechnik Buchauer&#8220; &#8211; Bericht in der Dorfzeitung FrasdorfSeite 1, Seite 2 10.2024 Faktensammlung zur These: &#8222;Es gibt zu viele Netzbetreiber in Deutschland&#8222; 09.2024 120 Jahre E-Werk Buchauer: &#8222;Strom aus Frasdorf f\u00fcr Frasdorf&#8220;- Bericht im Wendelsteinanzeiger, Ausgabe 42Seite 1, Seite 2, Seite 3 08.2024 Michael B\u00f6ck unterst\u00fctzt unseren Familienbetrieb ab sofort in allen Arbeiten rund um Installation und Hausger\u00e4te.Wir freuen uns \u00fcber Ihre Auftr\u00e4ge! 07.2004 100 Jahre E-Werk Buchauer: &#8222;Familie Buchauer setzt Frasdorf seit 100 Jahren unter Strom&#8220; &#8211; Bericht im OVBSeite 1, Seite 2, 100 Jahre E-Werk Buchauer: &#8222;100 Jahre Strom f\u00fcr Frasdorf&#8220; &#8211; Bericht im OVBSeite 1<\/p>\n","protected":false},"author":3,"featured_media":0,"parent":0,"menu_order":0,"comment_status":"closed","ping_status":"closed","template":"","meta":[],"_links":{"self":[{"href":"http:\/\/ewerk-buchauer.de\/index.php\/wp-json\/wp\/v2\/pages\/2211"}],"collection":[{"href":"http:\/\/ewerk-buchauer.de\/index.php\/wp-json\/wp\/v2\/pages"}],"about":[{"href":"http:\/\/ewerk-buchauer.de\/index.php\/wp-json\/wp\/v2\/types\/page"}],"author":[{"embeddable":true,"href":"http:\/\/ewerk-buchauer.de\/index.php\/wp-json\/wp\/v2\/users\/3"}],"replies":[{"embeddable":true,"href":"http:\/\/ewerk-buchauer.de\/index.php\/wp-json\/wp\/v2\/comments?post=2211"}],"version-history":[{"count":23,"href":"http:\/\/ewerk-buchauer.de\/index.php\/wp-json\/wp\/v2\/pages\/2211\/revisions"}],"predecessor-version":[{"id":2423,"href":"http:\/\/ewerk-buchauer.de\/index.php\/wp-json\/wp\/v2\/pages\/2211\/revisions\/2423"}],"wp:attachment":[{"href":"http:\/\/ewerk-buchauer.de\/index.php\/wp-json\/wp\/v2\/media?parent=2211"}],"curies":[{"name":"wp","href":"https:\/\/api.w.org\/{rel}","templated":true}]}}