{"id":201,"date":"2016-03-17T09:48:51","date_gmt":"2016-03-17T08:48:51","guid":{"rendered":"http:\/\/ewerk-buchauer.de\/?page_id=201"},"modified":"2021-01-24T17:28:42","modified_gmt":"2021-01-24T16:28:42","slug":"zaehlerstand-melden","status":"publish","type":"page","link":"http:\/\/ewerk-buchauer.de\/index.php\/zaehlerstand-melden\/","title":{"rendered":"Z\u00e4hlerstand melden"},"content":{"rendered":"<p>Auf dieser Seite k\u00f6nnen Sie Ihren Z\u00e4hlerstand direkt an das E-Werk Buchauer \u00fcbermitteln.<\/p>\n<p>Hilfe zum Z\u00e4hler ablesen: <a href=\"http:\/\/ewerk-buchauer.de\/wp-content\/uploads\/2018\/02\/Z\u00e4hlerstandAblesen.pdf\" target=\"_blank\">Z\u00e4hlerstand richtig ablesen<\/a><\/p>\n<p>Bitte f\u00fcllen Sie das nachfolgende Formular vollst\u00e4ndig aus.<\/p>\n<form enctype=\"multipart\/form-data\" method=\"post\" id=\"psfb1391\" action=\"http:\/\/ewerk-buchauer.de\/index.php\/zaehlerstand-melden\/\" class=\"planso-form-builder\" data-id=\"1391\" data-cnt=\"1\" id=\"planso_forms_1391_1\" data-locale=\"de\" data-locale_long=\"de_DE\" data-datepicker=\"bootstrap-datetimepicker\" data-date_format=\"j. F Y\" data-moment_date_format=\"D. MMMM YYYY\" data-jqueryui_date_format=\"d. MM yy\" data-eternicode_date_format=\"d. MM yyyy\"><div class=\"container-fluid\"><input type=\"hidden\" name=\"psfb_pageurl\" value=\"http:\/\/ewerk-buchauer.de\/index.php\/zaehlerstand-melden\/\"\/><input type=\"hidden\" name=\"psfb_userip\" value=\"216.73.216.126\"\/><input type=\"hidden\" name=\"psfb_useragent\" value=\"Mozilla\/5.0 AppleWebKit\/537.36 (KHTML, like Gecko; compatible; ClaudeBot\/1.0; +claudebot@anthropic.com)\"\/><input type=\"hidden\" name=\"psfb_landingpage\" value=\"http:\/\/ewerk-buchauer.de\/index.php\/wp-json\/wp\/v2\/pages\/201\"\/><input type=\"hidden\" name=\"psfb_referer\" value=\"Direct\"\/><input type=\"hidden\" name=\"psfb_page_id\" value=\"201\"\/><input type=\"hidden\" name=\"psfb_form_submit\" value=\"1\"\/><input type=\"hidden\" name=\"psfb_form_id\" value=\"1391\"\/><input type=\"hidden\" name=\"psfb_form_cnt\" value=\"1\"\/><div style=\"display:none\"><input type=\"text\" name=\"psfb_hon_as\"\/><\/div><div style=\"display:none\"><input type=\"text\" name=\"psfb_hon_as2\" id=\"psfb_hon_as2_1391_1\" value=\"58f85b2ad262f26d219a55733afc553b\"\/><\/div><div style=\"display:none\"><input type=\"text\" name=\"psfb_cnt_check\" value=\"1\"\/><\/div><div class=\"row\"><div class=\"col-md-12\"><div class=\"form-group psfb-single-container\"><h1 class=\"\">IHRE ANGABEN<\/h1><\/div><\/div><\/div><div class=\"row\"><div class=\"col-md-6\"><div class=\"form-group psfb-single-container\"><label class=\"control-label\" for=\"psfield_1391_2\">Kundennummer<\/label><input type=\"text\" name=\"Kundennummer\" class=\"form-control  \" id=\"psfield_1391_2\" style=\"\"\/><\/div><\/div><div class=\"col-md-6\"><div class=\"form-group psfb-single-container\"><label class=\"control-label\" for=\"psfield_1391_3\">Vorname Nachname<span class=\"psfb_required_mark\">*<\/span><\/label><input type=\"text\" required=\"required\" data-required=\"required\" name=\"Vorname_Nachname\" class=\"form-control  \" id=\"psfield_1391_3\" style=\"\"\/><\/div><\/div><\/div><div class=\"row\"><div class=\"col-md-3\"><div class=\"form-group psfb-single-container\"><label class=\"control-label\" for=\"psfield_1391_4\">Stra\u00dfe<span class=\"psfb_required_mark\">*<\/span><\/label><input type=\"text\" required=\"required\" data-required=\"required\" name=\"Stra_e\" class=\"form-control  \" id=\"psfield_1391_4\" style=\"\"\/><\/div><\/div><div class=\"col-md-3\"><div class=\"form-group psfb-single-container\"><label class=\"control-label\" for=\"psfield_1391_5\">Hausnummer<span class=\"psfb_required_mark\">*<\/span><\/label><input type=\"text\" required=\"required\" data-required=\"required\" name=\"Hausnummer\" class=\"form-control  \" id=\"psfield_1391_5\" style=\"\"\/><\/div><\/div><div class=\"col-md-3\"><div class=\"form-group psfb-single-container\"><label class=\"control-label\" for=\"psfield_1391_6\">Postleitzahl<span class=\"psfb_required_mark\">*<\/span><\/label><input type=\"text\" required=\"required\" data-required=\"required\" name=\"Postleitzahl\" class=\"form-control  \" id=\"psfield_1391_6\" style=\"\"\/><\/div><\/div><div class=\"col-md-3\"><div class=\"form-group psfb-single-container\"><label class=\"control-label\" for=\"psfield_1391_7\">Ort<span class=\"psfb_required_mark\">*<\/span><\/label><input type=\"text\" required=\"required\" data-required=\"required\" name=\"Ort\" class=\"form-control  \" id=\"psfield_1391_7\" style=\"\"\/><\/div><\/div><\/div><div class=\"row\"><div class=\"col-md-6\"><div class=\"form-group psfb-single-container\"><label class=\"control-label\" for=\"psfield_1391_8\">E-Mail<span class=\"psfb_required_mark\">*<\/span><\/label><input type=\"email\" required=\"required\" data-required=\"required\" name=\"E_Mail\" class=\"form-control  \" id=\"psfield_1391_8\" style=\"\"\/><\/div><\/div><div class=\"col-md-6\"><div class=\"form-group psfb-single-container\"><label class=\"control-label\" for=\"psfield_1391_9\">Mobiltelefon<span class=\"psfb_required_mark\">*<\/span><\/label><input type=\"tel\" required=\"required\" data-required=\"required\" name=\"Mobiltelefon\" class=\"form-control  \" id=\"psfield_1391_9\" style=\"\"\/><\/div><\/div><\/div><div class=\"row\"><div class=\"col-md-12\"><div class=\"form-group psfb-single-container\"><p class=\"\"><\/p><\/div><\/div><\/div><div class=\"row\"><div class=\"col-md-12\"><div class=\"form-group psfb-single-container\"><h1 class=\"\">ANGABEN ZUM Z\u00c4HLER<\/h1><\/div><\/div><\/div><div class=\"row\"><div class=\"col-md-4\"><div class=\"form-group psfb-single-container\"><label class=\"control-label\" for=\"psfield_1391_12\">Datum der Ablesung<span class=\"psfb_required_mark\">*<\/span><\/label><input type=\"tel\" required=\"required\" data-required=\"required\" name=\"Datum_der_Ablesung\" class=\"form-control  \" id=\"psfield_1391_12\" style=\"\"\/><\/div><\/div><div class=\"col-md-4\"><div class=\"form-group psfb-single-container\"><label class=\"control-label\" for=\"psfield_1391_13\">Z\u00e4hlernummer<span class=\"psfb_required_mark\">*<\/span><\/label><input type=\"text\" required=\"required\" data-required=\"required\" name=\"Z_hlernummer\" class=\"form-control  \" id=\"psfield_1391_13\" style=\"\"\/><\/div><\/div><div class=\"col-md-4\"><div class=\"form-group psfb-single-container\"><label class=\"control-label\" for=\"psfield_1391_14\">Beschreibung Z\u00e4hler<\/label><input type=\"text\" name=\"Beschreibung_Z_hler\" class=\"form-control  \" id=\"psfield_1391_14\" style=\"\"\/><\/div><\/div><\/div><div class=\"row\"><div class=\"col-md-3\"><div class=\"form-group psfb-single-container\"><label class=\"control-label\" for=\"psfield_1391_15\">Tarifart des Z\u00e4hlers<\/label><select name=\"Tarifart_des_Z_hlers\" class=\"form-control  \" id=\"psfield_1391_15\" style=\"\"><option value=\"Eintarif\" selected=\"selected\">Eintarif<\/option><option value=\"Doppeltarif\">Doppeltarif<\/option><option value=\"PV-Anlage\">PV-Anlage<\/option><\/select><\/div><\/div><div class=\"col-md-3\"><div class=\"form-group psfb-single-container\"><label class=\"control-label\" for=\"psfield_1391_16\">Z\u00e4hlerstand Eintarif<\/label><input type=\"number\" name=\"Z_hlerstand_Eintarif\" class=\"form-control  \" id=\"psfield_1391_16\" style=\"\"\/><\/div><\/div><div class=\"col-md-3\"><div class=\"form-group psfb-single-container\"><label class=\"control-label\" for=\"psfield_1391_17\">Z\u00e4hlerstand Doppeltarif<\/label><input type=\"text\" name=\"Z_hlerstand_Doppeltarif\" value=\"HT\" class=\"form-control  \" id=\"psfield_1391_17\" style=\"\"\/><\/div><\/div><div class=\"col-md-3\"><div class=\"form-group psfb-single-container\"><label class=\"control-label\" for=\"psfield_1391_18\">Z\u00e4hlerstand Doppeltarif <\/label><input type=\"text\" name=\"Z_hlerstand_Doppeltarif_\" value=\"NT\" class=\"form-control  \" id=\"psfield_1391_18\" style=\"\"\/><\/div><\/div><\/div><div class=\"row\"><div class=\"col-md-12\"><div class=\"form-group psfb-single-container\"><p class=\"\"><\/p><\/div><\/div><\/div><div class=\"row\"><div class=\"col-md-12\"><div class=\"form-group psfb-single-container\"><h1 class=\"\">WEITERE Z\u00c4HLERST\u00c4NDE<\/h1><\/div><\/div><\/div><div class=\"row\"><div class=\"col-md-4\"><div class=\"form-group psfb-single-container\"><label class=\"control-label\" for=\"psfield_1391_21\">Datum der Ablesung (2)<\/label><input type=\"tel\" name=\"Datum_der_Ablesung__2_\" class=\"form-control  \" id=\"psfield_1391_21\" style=\"\"\/><\/div><\/div><div class=\"col-md-4\"><div class=\"form-group psfb-single-container\"><label class=\"control-label\" for=\"psfield_1391_22\">Z\u00e4hlernummer (2)<\/label><input type=\"text\" name=\"Z_hlernummer__2_\" class=\"form-control  \" id=\"psfield_1391_22\" style=\"\"\/><\/div><\/div><div class=\"col-md-4\"><div class=\"form-group psfb-single-container\"><label class=\"control-label\" for=\"psfield_1391_23\">Beschreibung Z\u00e4hler (2)<\/label><input type=\"text\" name=\"Beschreibung_Z_hler__2_\" class=\"form-control  \" id=\"psfield_1391_23\" style=\"\"\/><\/div><\/div><\/div><div class=\"row\"><div class=\"col-md-3\"><div class=\"form-group psfb-single-container\"><label class=\"control-label\" for=\"psfield_1391_24\">Tarifart des Z\u00e4hlers (2)<\/label><select name=\"Tarifart_des_Z_hlers__2_\" class=\"form-control  \" id=\"psfield_1391_24\" style=\"\"><option value=\"Eintarif\" selected=\"selected\">Eintarif<\/option><option value=\"Doppeltarif\">Doppeltarif<\/option><option value=\"PV-Anlage\">PV-Anlage<\/option><\/select><\/div><\/div><div class=\"col-md-3\"><div class=\"form-group psfb-single-container\"><label class=\"control-label\" for=\"psfield_1391_25\">Z\u00e4hlerstand Eintarif (2)<\/label><input type=\"number\" name=\"Z_hlerstand_Eintarif__2_\" class=\"form-control  \" id=\"psfield_1391_25\" style=\"\"\/><\/div><\/div><div class=\"col-md-3\"><div class=\"form-group psfb-single-container\"><label class=\"control-label\" for=\"psfield_1391_26\">Z\u00e4hlerstand Doppeltarif (2)<\/label><input type=\"text\" name=\"Z_hlerstand_Doppeltarif__2_\" value=\"HT\" class=\"form-control  \" id=\"psfield_1391_26\" style=\"\"\/><\/div><\/div><div class=\"col-md-3\"><div class=\"form-group psfb-single-container\"><label class=\"control-label\" for=\"psfield_1391_27\">Z\u00e4hlerstand Doppeltarif (2)<\/label><input type=\"text\" name=\"Z_hlerstand_Doppeltarif__2__1\" value=\"NT\" class=\"form-control  \" id=\"psfield_1391_27\" style=\"\"\/><\/div><\/div><\/div><div class=\"row\"><div class=\"col-md-12\"><div class=\"form-group psfb-single-container\"><hr class=\"\"><\/div><\/div><\/div><div class=\"row\"><div class=\"col-md-4\"><div class=\"form-group psfb-single-container\"><label class=\"control-label\" for=\"psfield_1391_29\">Datum der Ablesung (3)<\/label><input type=\"tel\" name=\"Datum_der_Ablesung__3_\" class=\"form-control  \" id=\"psfield_1391_29\" style=\"\"\/><\/div><\/div><div class=\"col-md-4\"><div class=\"form-group psfb-single-container\"><label class=\"control-label\" for=\"psfield_1391_30\">Z\u00e4hlernummer (3)<\/label><input type=\"text\" name=\"Z_hlernummer__3_\" class=\"form-control  \" id=\"psfield_1391_30\" style=\"\"\/><\/div><\/div><div class=\"col-md-4\"><div class=\"form-group psfb-single-container\"><label class=\"control-label\" for=\"psfield_1391_31\">Beschreibung Z\u00e4hler (3)<\/label><input type=\"text\" name=\"Beschreibung_Z_hler__3_\" class=\"form-control  \" id=\"psfield_1391_31\" style=\"\"\/><\/div><\/div><\/div><div class=\"row\"><div class=\"col-md-3\"><div class=\"form-group psfb-single-container\"><label class=\"control-label\" for=\"psfield_1391_32\">Tarifart des Z\u00e4hlers (3)<\/label><select name=\"Tarifart_des_Z_hlers__3_\" class=\"form-control  \" id=\"psfield_1391_32\" style=\"\"><option value=\"Eintarif\" selected=\"selected\">Eintarif<\/option><option value=\"Doppeltarif\">Doppeltarif<\/option><option value=\"PV-Anlage\">PV-Anlage<\/option><\/select><\/div><\/div><div class=\"col-md-3\"><div class=\"form-group psfb-single-container\"><label class=\"control-label\" for=\"psfield_1391_33\">Z\u00e4hlerstand Eintarif (3)<\/label><input type=\"number\" name=\"Z_hlerstand_Eintarif__3_\" class=\"form-control  \" id=\"psfield_1391_33\" style=\"\"\/><\/div><\/div><div class=\"col-md-3\"><div class=\"form-group psfb-single-container\"><label class=\"control-label\" for=\"psfield_1391_34\">Z\u00e4hlerstand Doppeltarif (3)<\/label><input type=\"text\" name=\"Z_hlerstand_Doppeltarif__3_\" value=\"HT\" class=\"form-control  \" id=\"psfield_1391_34\" style=\"\"\/><\/div><\/div><div class=\"col-md-3\"><div class=\"form-group psfb-single-container\"><label class=\"control-label\" for=\"psfield_1391_35\">Z\u00e4hlerstand Doppeltarif (3)<\/label><input type=\"text\" name=\"Z_hlerstand_Doppeltarif__3__1\" value=\"NT\" class=\"form-control  \" id=\"psfield_1391_35\" style=\"\"\/><\/div><\/div><\/div><div class=\"row\"><div class=\"col-md-12\"><div class=\"form-group psfb-single-container\"><p class=\"\"><\/p><\/div><\/div><\/div><div class=\"row\"><div class=\"col-md-12\"><div class=\"form-group psfb-single-container\"><h1 class=\"\">WEITERE ANGABEN\/NACHRICHTEN<\/h1><\/div><\/div><\/div><div class=\"row\"><div class=\"col-md-12\"><div class=\"form-group psfb-single-container\"><textarea name=\"Weitere_Angaben___Nachricht\" class=\"form-control  \" id=\"psfield_1391_38\" style=\"\"><\/textarea><\/div><\/div><\/div><div class=\"row\"><div class=\"col-md-12\"><div class=\"form-group psfb-single-container\"><p class=\"\"><\/p><\/div><\/div><\/div><div class=\"row\"><div class=\"col-md-12\"><div class=\"form-group psfb-single-container\"><div style=\"position:relative;z-index:1;\"><button type=\"submit\" class=\"btn btn-primary                        \" id=\"psfield_1391_40\" style=\"\">Senden<\/button><\/div><\/div><\/div><\/div><\/div><\/form>\n<p>&nbsp;<\/p>\n","protected":false},"excerpt":{"rendered":"<p>Auf dieser Seite k\u00f6nnen Sie Ihren Z\u00e4hlerstand direkt an das E-Werk Buchauer \u00fcbermitteln. Hilfe zum Z\u00e4hler ablesen: Z\u00e4hlerstand richtig ablesen Bitte f\u00fcllen Sie das nachfolgende Formular vollst\u00e4ndig aus. &nbsp;<\/p>\n","protected":false},"author":1,"featured_media":0,"parent":0,"menu_order":0,"comment_status":"closed","ping_status":"closed","template":"","meta":[],"_links":{"self":[{"href":"http:\/\/ewerk-buchauer.de\/index.php\/wp-json\/wp\/v2\/pages\/201"}],"collection":[{"href":"http:\/\/ewerk-buchauer.de\/index.php\/wp-json\/wp\/v2\/pages"}],"about":[{"href":"http:\/\/ewerk-buchauer.de\/index.php\/wp-json\/wp\/v2\/types\/page"}],"author":[{"embeddable":true,"href":"http:\/\/ewerk-buchauer.de\/index.php\/wp-json\/wp\/v2\/users\/1"}],"replies":[{"embeddable":true,"href":"http:\/\/ewerk-buchauer.de\/index.php\/wp-json\/wp\/v2\/comments?post=201"}],"version-history":[{"count":15,"href":"http:\/\/ewerk-buchauer.de\/index.php\/wp-json\/wp\/v2\/pages\/201\/revisions"}],"predecessor-version":[{"id":1393,"href":"http:\/\/ewerk-buchauer.de\/index.php\/wp-json\/wp\/v2\/pages\/201\/revisions\/1393"}],"wp:attachment":[{"href":"http:\/\/ewerk-buchauer.de\/index.php\/wp-json\/wp\/v2\/media?parent=201"}],"curies":[{"name":"wp","href":"https:\/\/api.w.org\/{rel}","templated":true}]}}