{"id":1896,"date":"2022-08-29T09:38:17","date_gmt":"2022-08-29T07:38:17","guid":{"rendered":"http:\/\/ewerk-buchauer.de\/?page_id=1896"},"modified":"2022-08-29T09:38:17","modified_gmt":"2022-08-29T07:38:17","slug":"kuendigung-stromliefervertrag","status":"publish","type":"page","link":"http:\/\/ewerk-buchauer.de\/index.php\/kuendigung-stromliefervertrag\/","title":{"rendered":"K\u00fcndigung Stromliefervertrag"},"content":{"rendered":"\n<p><\/p>\n\n\n<form enctype=\"multipart\/form-data\" method=\"post\" id=\"psfb1895\" action=\"http:\/\/ewerk-buchauer.de\/index.php\/kuendigung-stromliefervertrag\/\" class=\"planso-form-builder\" data-id=\"1895\" data-cnt=\"1\" id=\"planso_forms_1895_1\" data-locale=\"de\" data-locale_long=\"de_DE\" data-datepicker=\"bootstrap-datetimepicker\" data-date_format=\"j. F Y\" data-moment_date_format=\"D. MMMM YYYY\" data-jqueryui_date_format=\"d. MM yy\" data-eternicode_date_format=\"d. MM yyyy\"><div class=\"container-fluid\"><input type=\"hidden\" name=\"psfb_pageurl\" value=\"http:\/\/ewerk-buchauer.de\/index.php\/kuendigung-stromliefervertrag\/\"\/><input type=\"hidden\" name=\"psfb_userip\" value=\"216.73.217.42\"\/><input type=\"hidden\" name=\"psfb_useragent\" value=\"Mozilla\/5.0 AppleWebKit\/537.36 (KHTML, like Gecko; compatible; ClaudeBot\/1.0; +claudebot@anthropic.com)\"\/><input type=\"hidden\" name=\"psfb_landingpage\" value=\"http:\/\/ewerk-buchauer.de\/index.php\/wp-json\/wp\/v2\/pages\/1896\"\/><input type=\"hidden\" name=\"psfb_referer\" value=\"Direct\"\/><input type=\"hidden\" name=\"psfb_page_id\" value=\"1896\"\/><input type=\"hidden\" name=\"psfb_form_submit\" value=\"1\"\/><input type=\"hidden\" name=\"psfb_form_id\" value=\"1895\"\/><input type=\"hidden\" name=\"psfb_form_cnt\" value=\"1\"\/><div style=\"display:none\"><input type=\"text\" name=\"psfb_hon_as\"\/><\/div><div style=\"display:none\"><input type=\"text\" name=\"psfb_hon_as2\" id=\"psfb_hon_as2_1895_1\" value=\"2d04b1d9f0398259bc924b3b46ec05d7\"\/><\/div><div style=\"display:none\"><input type=\"text\" name=\"psfb_cnt_check\" value=\"1\"\/><\/div><div class=\"row\"><div class=\"col-md-6\"><div class=\"form-group psfb-single-container\"><label class=\"control-label\" for=\"psfield_1895_1\">Kundennummer<\/label><input type=\"text\" name=\"Kundennummer\" class=\"form-control  \" id=\"psfield_1895_1\" style=\"\"\/><\/div><\/div><div class=\"col-md-6\"><div class=\"form-group psfb-single-container\"><label class=\"control-label\" for=\"psfield_1895_2\">Vorname Name<span class=\"psfb_required_mark\">*<\/span><\/label><input type=\"text\" required=\"required\" data-required=\"required\" name=\"Vorname_Name\" class=\"form-control  \" id=\"psfield_1895_2\" style=\"\"\/><\/div><\/div><\/div><div class=\"row\"><div class=\"col-md-6\"><div class=\"form-group psfb-single-container\"><label class=\"control-label\" for=\"psfield_1895_3\">E-Mail<\/label><input type=\"email\" name=\"E_Mail\" class=\"form-control \" id=\"psfield_1895_3\" style=\"\"\/><\/div><\/div><div class=\"col-md-6\"><div class=\"form-group psfb-single-container\"><label class=\"control-label\" for=\"psfield_1895_4\">Mobiltelefon<\/label><input type=\"tel\" name=\"Mobiltelefon\" class=\"form-control \" id=\"psfield_1895_4\" style=\"\"\/><\/div><\/div><\/div><div class=\"row\"><div class=\"col-md-4\"><div class=\"form-group psfb-single-container\"><label class=\"control-label\" for=\"psfield_1895_5\">Stra\u00dfe + Hausnummer<span class=\"psfb_required_mark\">*<\/span><\/label><input type=\"text\" required=\"required\" data-required=\"required\" name=\"Stra_e___Hausnummer\" class=\"form-control  \" id=\"psfield_1895_5\" style=\"\"\/><\/div><\/div><div class=\"col-md-4\"><div class=\"form-group psfb-single-container\"><label class=\"control-label\" for=\"psfield_1895_6\">Postleitzahl<span class=\"psfb_required_mark\">*<\/span><\/label><input type=\"number\" required=\"required\" data-required=\"required\" name=\"Postleitzahl\" class=\"form-control  \" id=\"psfield_1895_6\" style=\"\"\/><\/div><\/div><div class=\"col-md-4\"><div class=\"form-group psfb-single-container\"><label class=\"control-label\" for=\"psfield_1895_7\">Ort<span class=\"psfb_required_mark\">*<\/span><\/label><input type=\"text\" required=\"required\" data-required=\"required\" name=\"Ort\" class=\"form-control  \" id=\"psfield_1895_7\" style=\"\"\/><\/div><\/div><\/div><div class=\"row\"><div class=\"col-md-4\"><div class=\"form-group psfb-single-container\"><label class=\"control-label\" for=\"psfield_1895_8\">Z\u00e4hlernummer<\/label><input type=\"text\" name=\"Z_hlernummer\" class=\"form-control  \" id=\"psfield_1895_8\" style=\"\"\/><\/div><\/div><div class=\"col-md-4\"><div class=\"form-group psfb-single-container\"><label class=\"control-label\" for=\"psfield_1895_9\">K\u00fcndigung zum<\/label><input type=\"date\" data-psfb_datepicker=\"bootstrap-datetimepicker\" name=\"K_ndigung_zum\" placeholder=\"Fr\u00fchestens in 14 Werktagen\" class=\"form-control  \" id=\"psfield_1895_9\" style=\"\"\/><\/div><\/div><div class=\"col-md-4\"><div class=\"form-group psfb-single-container\"><label class=\"control-label\" for=\"psfield_1895_10\">Ich m\u00f6chte eine K\u00fcndigungsbest\u00e4tigung erhalten<\/label><div class=\"checkbox_wrapper\"><label class=\"checkbox-inline checkbox_wrapper\" style=\"\"><input type=\"checkbox\" value=\"Ja, per Mail\" name=\"Ich_m_chte_eine_K_ndigungsbest_tigung_erhalten[]\" id=\"psfield_1895_10_1\">Ja, per Mail<\/label><label class=\"checkbox-inline checkbox_wrapper\" style=\"\"><input type=\"checkbox\" value=\"Nein\" name=\"Ich_m_chte_eine_K_ndigungsbest_tigung_erhalten[]\" id=\"psfield_1895_10_2\">Nein<\/label><\/div><\/div><\/div><\/div><div class=\"row\"><div class=\"col-md-12\"><div class=\"form-group psfb-single-container\"><label class=\"control-label\" for=\"psfield_1895_11\">Grund der K\u00fcndigung<span class=\"psfb_required_mark\">*<\/span><\/label><div class=\"checkbox_wrapper\"><label class=\"checkbox-inline checkbox_wrapper\" style=\"\"><input data-required=\"required\" type=\"checkbox\" value=\"Preis zu hoch\" name=\"Grund_der_K_ndigung_1[]\" id=\"psfield_1895_11_1\">Preis zu hoch<\/label><label class=\"checkbox-inline checkbox_wrapper\" style=\"\"><input data-required=\"required\" type=\"checkbox\" value=\"Unzufrieden\" name=\"Grund_der_K_ndigung_1[]\" id=\"psfield_1895_11_2\">Unzufrieden<\/label><label class=\"checkbox-inline checkbox_wrapper\" style=\"\"><input data-required=\"required\" type=\"checkbox\" value=\"Sonstiges\" name=\"Grund_der_K_ndigung_1[]\" id=\"psfield_1895_11_3\">Sonstiges<\/label><\/div><\/div><\/div><\/div><div class=\"row\"><div class=\"col-md-12\"><div class=\"form-group psfb-single-container\"><label class=\"control-label\" for=\"psfield_1895_12\">Weitere Angaben<\/label><textarea name=\"Weitere_Angaben\" class=\"form-control  \" id=\"psfield_1895_12\" style=\"\"><\/textarea><\/div><\/div><\/div><div class=\"row\"><div class=\"col-md-12\"><div class=\"form-group psfb-single-container\"><div style=\"position:relative;z-index:1;\"><button type=\"submit\" class=\"btn btn-primary        \" id=\"psfield_1895_13\" style=\"\">Senden<\/button><\/div><\/div><\/div><\/div><\/div><\/form>\n","protected":false},"excerpt":{"rendered":"","protected":false},"author":3,"featured_media":0,"parent":0,"menu_order":0,"comment_status":"closed","ping_status":"closed","template":"","meta":[],"_links":{"self":[{"href":"http:\/\/ewerk-buchauer.de\/index.php\/wp-json\/wp\/v2\/pages\/1896"}],"collection":[{"href":"http:\/\/ewerk-buchauer.de\/index.php\/wp-json\/wp\/v2\/pages"}],"about":[{"href":"http:\/\/ewerk-buchauer.de\/index.php\/wp-json\/wp\/v2\/types\/page"}],"author":[{"embeddable":true,"href":"http:\/\/ewerk-buchauer.de\/index.php\/wp-json\/wp\/v2\/users\/3"}],"replies":[{"embeddable":true,"href":"http:\/\/ewerk-buchauer.de\/index.php\/wp-json\/wp\/v2\/comments?post=1896"}],"version-history":[{"count":1,"href":"http:\/\/ewerk-buchauer.de\/index.php\/wp-json\/wp\/v2\/pages\/1896\/revisions"}],"predecessor-version":[{"id":1897,"href":"http:\/\/ewerk-buchauer.de\/index.php\/wp-json\/wp\/v2\/pages\/1896\/revisions\/1897"}],"wp:attachment":[{"href":"http:\/\/ewerk-buchauer.de\/index.php\/wp-json\/wp\/v2\/media?parent=1896"}],"curies":[{"name":"wp","href":"https:\/\/api.w.org\/{rel}","templated":true}]}}