{"id":175,"date":"2016-03-17T09:30:36","date_gmt":"2016-03-17T08:30:36","guid":{"rendered":"http:\/\/ewerk-buchauer.de\/?page_id=175"},"modified":"2021-02-15T17:56:05","modified_gmt":"2021-02-15T16:56:05","slug":"netzgebiet-2","status":"publish","type":"page","link":"http:\/\/ewerk-buchauer.de\/index.php\/netzgebiet-2\/","title":{"rendered":"Netzgebiet"},"content":{"rendered":"\n<p class=\"has-text-align-center\">Unser Netzgebiet umfasst einen Gro\u00dfteil von Frasdorf und weitere Ortsteile, dazu geh\u00f6ren:<\/p>\n\n\n\n<figure class=\"wp-block-table aligncenter is-style-regular\"><table><tbody><tr><td>St\u00f6tten<\/td><td>Lochen<\/td><td>Oberprienm\u00fchle<\/td><td>Ginnerting<\/td><td>Leitenberg<\/td><\/tr><\/tbody><\/table><\/figure>\n\n\n\n<div class=\"wp-block-image\"><figure class=\"aligncenter\"><a href=\"http:\/\/ewerk-buchauer.de\/wp-content\/uploads\/2016\/03\/Netzgebietskarte-1.jpg\" target=\"_blank\" rel=\"attachment noopener wp-att-574\"><img loading=\"lazy\" width=\"1024\" height=\"443\" src=\"http:\/\/ewerk-buchauer.de\/wp-content\/uploads\/2016\/03\/Netzgebietskarte-1-1024x443.jpg\" alt=\"Netzgebietskarte\" class=\"wp-image-574\" srcset=\"http:\/\/ewerk-buchauer.de\/wp-content\/uploads\/2016\/03\/Netzgebietskarte-1-1024x443.jpg 1024w, http:\/\/ewerk-buchauer.de\/wp-content\/uploads\/2016\/03\/Netzgebietskarte-1-300x130.jpg 300w, http:\/\/ewerk-buchauer.de\/wp-content\/uploads\/2016\/03\/Netzgebietskarte-1-768x332.jpg 768w, http:\/\/ewerk-buchauer.de\/wp-content\/uploads\/2016\/03\/Netzgebietskarte-1-500x216.jpg 500w, http:\/\/ewerk-buchauer.de\/wp-content\/uploads\/2016\/03\/Netzgebietskarte-1.jpg 1280w\" sizes=\"(max-width: 1024px) 100vw, 1024px\" \/><\/a><\/figure><\/div>\n","protected":false},"excerpt":{"rendered":"<p>Unser Netzgebiet umfasst einen Gro\u00dfteil von Frasdorf und weitere Ortsteile, dazu geh\u00f6ren: St\u00f6tten Lochen Oberprienm\u00fchle Ginnerting Leitenberg<\/p>\n","protected":false},"author":1,"featured_media":0,"parent":0,"menu_order":0,"comment_status":"closed","ping_status":"closed","template":"","meta":[],"_links":{"self":[{"href":"http:\/\/ewerk-buchauer.de\/index.php\/wp-json\/wp\/v2\/pages\/175"}],"collection":[{"href":"http:\/\/ewerk-buchauer.de\/index.php\/wp-json\/wp\/v2\/pages"}],"about":[{"href":"http:\/\/ewerk-buchauer.de\/index.php\/wp-json\/wp\/v2\/types\/page"}],"author":[{"embeddable":true,"href":"http:\/\/ewerk-buchauer.de\/index.php\/wp-json\/wp\/v2\/users\/1"}],"replies":[{"embeddable":true,"href":"http:\/\/ewerk-buchauer.de\/index.php\/wp-json\/wp\/v2\/comments?post=175"}],"version-history":[{"count":20,"href":"http:\/\/ewerk-buchauer.de\/index.php\/wp-json\/wp\/v2\/pages\/175\/revisions"}],"predecessor-version":[{"id":1575,"href":"http:\/\/ewerk-buchauer.de\/index.php\/wp-json\/wp\/v2\/pages\/175\/revisions\/1575"}],"wp:attachment":[{"href":"http:\/\/ewerk-buchauer.de\/index.php\/wp-json\/wp\/v2\/media?parent=175"}],"curies":[{"name":"wp","href":"https:\/\/api.w.org\/{rel}","templated":true}]}}