{"id":1738,"date":"2021-03-11T16:56:57","date_gmt":"2021-03-11T15:56:57","guid":{"rendered":"http:\/\/ewerk-buchauer.de\/?page_id=1738"},"modified":"2025-12-30T12:03:57","modified_gmt":"2025-12-30T11:03:57","slug":"geschichte-2","status":"publish","type":"page","link":"http:\/\/ewerk-buchauer.de\/index.php\/geschichte-2\/","title":{"rendered":"Geschichte"},"content":{"rendered":"\n<p><\/p>\n\n\n\n<h2>     <\/h2>\n\n\n\n<div class=\"wp-block-columns\">\n<div class=\"wp-block-column\">\n<p class=\"has-text-align-left\"><strong>\u00dcber uns:<\/strong><\/p>\n\n\n\n<p class=\"has-text-align-left\">Wir sind ein privates, eigenst\u00e4ndiges, \u00f6rtliches E-Werk in Frasdorf mit ca. 800 Stromkunden, davon ca. 150 Kunden au\u00dferhalb unseres eigenen Versorgungsgebietes.<\/p>\n\n\n\n<p>Die Firma E-Werk &amp; Elektrotechnik Buchauer bestand 4 Generationen, genauer gesagt: 121 Jahre.<\/p>\n\n\n\n<div class=\"wp-block-columns\">\n<div class=\"wp-block-column\">\n<figure class=\"wp-block-image size-large\"><img loading=\"lazy\" width=\"1024\" height=\"768\" src=\"http:\/\/ewerk-buchauer.de\/wp-content\/uploads\/2024\/03\/Haus_Rueckansicht_komp-1024x768.jpg\" alt=\"\" class=\"wp-image-2135\" srcset=\"http:\/\/ewerk-buchauer.de\/wp-content\/uploads\/2024\/03\/Haus_Rueckansicht_komp-1024x768.jpg 1024w, http:\/\/ewerk-buchauer.de\/wp-content\/uploads\/2024\/03\/Haus_Rueckansicht_komp-300x225.jpg 300w, http:\/\/ewerk-buchauer.de\/wp-content\/uploads\/2024\/03\/Haus_Rueckansicht_komp-768x576.jpg 768w, http:\/\/ewerk-buchauer.de\/wp-content\/uploads\/2024\/03\/Haus_Rueckansicht_komp-1536x1152.jpg 1536w, http:\/\/ewerk-buchauer.de\/wp-content\/uploads\/2024\/03\/Haus_Rueckansicht_komp-2048x1536.jpg 2048w, http:\/\/ewerk-buchauer.de\/wp-content\/uploads\/2024\/03\/Haus_Rueckansicht_komp-1140x855.jpg 1140w\" sizes=\"(max-width: 1024px) 100vw, 1024px\" \/><figcaption>Wohnhaus &amp; E-Werk<\/figcaption><\/figure>\n\n\n\n<p><\/p>\n<\/div>\n\n\n\n<div class=\"wp-block-column is-vertically-aligned-bottom\">\n<div class=\"wp-block-group\"><div class=\"wp-block-group__inner-container\">\n<div class=\"wp-block-columns are-vertically-aligned-center\">\n<div class=\"wp-block-column is-vertically-aligned-center\" style=\"flex-basis:100%\">\n<p>Die Stromerzeugung aus der Wasskraft der Prien ist mittels Turbine und Generator in das Wohnhaus integriert.<\/p>\n<\/div>\n<\/div>\n<\/div><\/div>\n<\/div>\n<\/div>\n<\/div>\n\n\n\n<div class=\"wp-block-column\">\n<div class=\"wp-block-image\"><figure class=\"alignright size-large is-resized\"><img loading=\"lazy\" src=\"http:\/\/ewerk-buchauer.de\/wp-content\/uploads\/2020\/11\/Familie-Buchauer-2020-min-e1604680544605-1024x538.jpg\" alt=\"\" class=\"wp-image-1293\" width=\"481\" height=\"252\" srcset=\"http:\/\/ewerk-buchauer.de\/wp-content\/uploads\/2020\/11\/Familie-Buchauer-2020-min-e1604680544605-1024x538.jpg 1024w, http:\/\/ewerk-buchauer.de\/wp-content\/uploads\/2020\/11\/Familie-Buchauer-2020-min-e1604680544605-300x158.jpg 300w, http:\/\/ewerk-buchauer.de\/wp-content\/uploads\/2020\/11\/Familie-Buchauer-2020-min-e1604680544605-768x404.jpg 768w, http:\/\/ewerk-buchauer.de\/wp-content\/uploads\/2020\/11\/Familie-Buchauer-2020-min-e1604680544605-500x263.jpg 500w\" sizes=\"(max-width: 481px) 100vw, 481px\" \/><figcaption>Rupert &amp; Meike mit Carolin, Regina, Anna, Lena<\/figcaption><\/figure><\/div>\n<\/div>\n<\/div>\n\n\n\n<p><\/p>\n\n\n\n<p>    <\/p>\n\n\n\n<p><\/p>\n\n\n\n<figure class=\"wp-block-table aligncenter is-style-regular\"><table><thead><tr><th><\/th><th><strong>Zur Geschichte des E-Werk&#8217;s:<\/strong><\/th><\/tr><\/thead><tbody><tr><td>1903<\/td><td>Das Anwesen vom Schlosser- M\u00fcller in Oberprienm\u00fchle wird von&nbsp; Josef Buchauer, Oswald &#8211; Sohn aus Leitenberg, ersteigert.<br>Es besteht aus einer kleinen S\u00e4gem\u00fchle und einer Landwirtschaft.<\/td><\/tr><tr><td>1904<\/td><td>Die S\u00e4gem\u00fchle wird durch den Einbau einer Francis- Zwillings-<br>Turbine auf Wasserkraft umgebaut und in Betrieb genommen.<br>Die Landwirtschaft wird verkauft.<\/td><\/tr><tr><td>1912<\/td><td>Es wird die erste Trafostation gebaut, um Strom von der OB\u00dcZ<br>dazuzukaufen. So wurde&nbsp; eine Netzverbindung zur Oberbayrischen \u00dcberlandzentrale (sp\u00e4ter IAW, heute Bayernwerk) geschaffen.<\/td><\/tr><tr><td>1921<\/td><td>Josef Buchauer gr\u00fcndet eine Gesellschaft mit seinen Neffen<br>Georg Buchauer, Oswald- Sohn aus Leitenberg, und Josef Buchauer (Vater vom Soag- Sepp).<br> Georg wird als Betriebsleiter des E- Werks eingesetzt, Josef leitet das S\u00e4gewerk.<\/td><\/tr><tr><td>1930<\/td><td>Georg ist fortan alleine f\u00fcr das E- Werk zust\u00e4ndig, weil Josef Buchauer inzwischen (1927)&nbsp;verstorben ist und Josef das S\u00e4gewerk in Frasdorf f\u00fchrt.<\/td><\/tr><tr><td>1935<\/td><td>Installation eines Dieselaggregates.<\/td><\/tr><tr><td>1954<\/td><td>Rupert Buchauer, Sohn von Georg, \u00fcbernimmt das E- Werk.<\/td><\/tr><tr><td>1958<\/td><td>Umstellung von Gleichstrom auf Drehstrom.<\/td><\/tr><tr><td>1958 &#8211; 2002<\/td><td>Bau mehrerer Trafostationen in Frasdorf und seinen Ortsteilen.<\/td><\/tr><tr><td>1985<\/td><td>Beginn der Erdkabelverlegung.<\/td><\/tr><tr><td>1997<\/td><td>\u00dcbernahme des E- Werks von Rupert Buchauer, jun.<\/td><\/tr><tr><td>2004<\/td><td>100-Jahr- Feier des E-Werks.<\/td><\/tr><tr><td>2009<\/td><td>Bau einer Fischaufstiegshilfe in der Prien (die zweite im Verlauf der gesamten Prien).<\/td><\/tr><tr><td>2010<\/td><td>Komplette Erneuerung des E- Werks: Einbau einer Kaplan-Turbine mit Generator und Steuerung um die Effektivit\u00e4t, zur Erzeugung umweltfreundlichen Stroms, noch weiter zu erh\u00f6hen. <\/td><\/tr><tr><td>2013<\/td><td>Anschaffung eines Elektroautos.<\/td><\/tr><tr><td>2016<\/td><td>Weitere Erdkabelverlegung im Netz in Planung.<\/td><\/tr><tr><td>2020<\/td><td>Einstieg der Tochter Carolin in das Stromversorgungsunternehmen.<\/td><\/tr><tr><td>2023<\/td><td>Anstellung des Meisters Michael B\u00f6ck f\u00fcr die Installation.<\/td><\/tr><tr><td>2026<\/td><td>Die Firma E-Werk &amp; Elektrotechnik Rupert Buchauer wird \u00fcbergeben.<\/td><\/tr><\/tbody><\/table><\/figure>\n\n\n\n<p><\/p>\n\n\n\n<p><\/p>\n\n\n\n<figure class=\"wp-block-image size-large is-resized\"><img loading=\"lazy\" src=\"http:\/\/ewerk-buchauer.de\/wp-content\/uploads\/2021\/03\/Ewerkbesitzer2-edited.jpg\" alt=\"\" class=\"wp-image-1739\" width=\"791\" height=\"405\" srcset=\"http:\/\/ewerk-buchauer.de\/wp-content\/uploads\/2021\/03\/Ewerkbesitzer2-edited.jpg 588w, http:\/\/ewerk-buchauer.de\/wp-content\/uploads\/2021\/03\/Ewerkbesitzer2-edited-300x154.jpg 300w\" sizes=\"(max-width: 791px) 100vw, 791px\" \/><\/figure>\n\n\n\n<p><strong>Bildergalerie:<\/strong><\/p>\n\n\n\n<div class=\"wp-block-columns\">\n<div class=\"wp-block-column\">\n<div class=\"wp-block-group\"><div class=\"wp-block-group__inner-container\">\n<figure class=\"wp-block-image size-large\"><img loading=\"lazy\" width=\"1024\" height=\"768\" src=\"http:\/\/ewerk-buchauer.de\/wp-content\/uploads\/2016\/03\/Bildergalerie-1-1024x768.jpg\" alt=\"\" class=\"wp-image-555\" srcset=\"http:\/\/ewerk-buchauer.de\/wp-content\/uploads\/2016\/03\/Bildergalerie-1-1024x768.jpg 1024w, http:\/\/ewerk-buchauer.de\/wp-content\/uploads\/2016\/03\/Bildergalerie-1-300x225.jpg 300w, http:\/\/ewerk-buchauer.de\/wp-content\/uploads\/2016\/03\/Bildergalerie-1-768x576.jpg 768w, http:\/\/ewerk-buchauer.de\/wp-content\/uploads\/2016\/03\/Bildergalerie-1-400x300.jpg 400w, http:\/\/ewerk-buchauer.de\/wp-content\/uploads\/2016\/03\/Bildergalerie-1.jpg 1280w\" sizes=\"(max-width: 1024px) 100vw, 1024px\" \/><figcaption>Original Turbine bis 2010: \u201eFrancis &#8211; Zwillings -Turbine\u201c (der Firma Brigleb &amp; Hansen aus Gotha)<\/figcaption><\/figure>\n<\/div><\/div>\n<\/div>\n\n\n\n<div class=\"wp-block-column\">\n<figure class=\"wp-block-image size-large\"><img loading=\"lazy\" width=\"1024\" height=\"768\" src=\"http:\/\/ewerk-buchauer.de\/wp-content\/uploads\/2016\/03\/Bildergalerie-2-1024x768.jpg\" alt=\"\" class=\"wp-image-556\" srcset=\"http:\/\/ewerk-buchauer.de\/wp-content\/uploads\/2016\/03\/Bildergalerie-2-1024x768.jpg 1024w, http:\/\/ewerk-buchauer.de\/wp-content\/uploads\/2016\/03\/Bildergalerie-2-300x225.jpg 300w, http:\/\/ewerk-buchauer.de\/wp-content\/uploads\/2016\/03\/Bildergalerie-2-768x576.jpg 768w, http:\/\/ewerk-buchauer.de\/wp-content\/uploads\/2016\/03\/Bildergalerie-2-400x300.jpg 400w, http:\/\/ewerk-buchauer.de\/wp-content\/uploads\/2016\/03\/Bildergalerie-2.jpg 1280w\" sizes=\"(max-width: 1024px) 100vw, 1024px\" \/><figcaption>Turbinenraum nach Umbau mit Kaplan Turbine (der Firma HSI GmbH aus Morbach)<\/figcaption><\/figure>\n<\/div>\n\n\n\n<div class=\"wp-block-column\">\n<figure class=\"wp-block-image size-large\"><img loading=\"lazy\" width=\"1024\" height=\"768\" src=\"http:\/\/ewerk-buchauer.de\/wp-content\/uploads\/2016\/03\/Turbinenraumco-1024x768.jpg\" alt=\"\" class=\"wp-image-745\" srcset=\"http:\/\/ewerk-buchauer.de\/wp-content\/uploads\/2016\/03\/Turbinenraumco-1024x768.jpg 1024w, http:\/\/ewerk-buchauer.de\/wp-content\/uploads\/2016\/03\/Turbinenraumco-300x225.jpg 300w, http:\/\/ewerk-buchauer.de\/wp-content\/uploads\/2016\/03\/Turbinenraumco-768x576.jpg 768w, http:\/\/ewerk-buchauer.de\/wp-content\/uploads\/2016\/03\/Turbinenraumco-400x300.jpg 400w, http:\/\/ewerk-buchauer.de\/wp-content\/uploads\/2016\/03\/Turbinenraumco.jpg 1280w\" sizes=\"(max-width: 1024px) 100vw, 1024px\" \/><figcaption>Turbinenraum (mit Turbine, Generator und Schalttafel)<\/figcaption><\/figure>\n\n\n\n<p><\/p>\n<\/div>\n<\/div>\n\n\n\n<div class=\"wp-block-columns\">\n<div class=\"wp-block-column\">\n<figure class=\"wp-block-image size-large\"><img loading=\"lazy\" width=\"1024\" height=\"768\" src=\"http:\/\/ewerk-buchauer.de\/wp-content\/uploads\/2016\/03\/WehrNeu-1024x768.jpg\" alt=\"\" class=\"wp-image-682\" srcset=\"http:\/\/ewerk-buchauer.de\/wp-content\/uploads\/2016\/03\/WehrNeu-1024x768.jpg 1024w, http:\/\/ewerk-buchauer.de\/wp-content\/uploads\/2016\/03\/WehrNeu-300x225.jpg 300w, http:\/\/ewerk-buchauer.de\/wp-content\/uploads\/2016\/03\/WehrNeu-768x576.jpg 768w, http:\/\/ewerk-buchauer.de\/wp-content\/uploads\/2016\/03\/WehrNeu-400x300.jpg 400w, http:\/\/ewerk-buchauer.de\/wp-content\/uploads\/2016\/03\/WehrNeu.jpg 1280w\" sizes=\"(max-width: 1024px) 100vw, 1024px\" \/><figcaption>Wehr<\/figcaption><\/figure>\n<\/div>\n\n\n\n<div class=\"wp-block-column\">\n<figure class=\"wp-block-image size-large\"><img loading=\"lazy\" width=\"1024\" height=\"768\" src=\"http:\/\/ewerk-buchauer.de\/wp-content\/uploads\/2016\/03\/Rechenreiniger-2-1-1024x768.jpg\" alt=\"\" class=\"wp-image-738\" srcset=\"http:\/\/ewerk-buchauer.de\/wp-content\/uploads\/2016\/03\/Rechenreiniger-2-1-1024x768.jpg 1024w, http:\/\/ewerk-buchauer.de\/wp-content\/uploads\/2016\/03\/Rechenreiniger-2-1-300x225.jpg 300w, http:\/\/ewerk-buchauer.de\/wp-content\/uploads\/2016\/03\/Rechenreiniger-2-1-768x576.jpg 768w, http:\/\/ewerk-buchauer.de\/wp-content\/uploads\/2016\/03\/Rechenreiniger-2-1-400x300.jpg 400w, http:\/\/ewerk-buchauer.de\/wp-content\/uploads\/2016\/03\/Rechenreiniger-2-1.jpg 1280w\" sizes=\"(max-width: 1024px) 100vw, 1024px\" \/><figcaption>Querrechenreiniger<\/figcaption><\/figure>\n<\/div>\n\n\n\n<div class=\"wp-block-column\">\n<figure class=\"wp-block-image size-large\"><img loading=\"lazy\" width=\"1024\" height=\"768\" src=\"http:\/\/ewerk-buchauer.de\/wp-content\/uploads\/2016\/03\/Bildergalerie-3-1024x768.jpg\" alt=\"\" class=\"wp-image-558\" srcset=\"http:\/\/ewerk-buchauer.de\/wp-content\/uploads\/2016\/03\/Bildergalerie-3-1024x768.jpg 1024w, http:\/\/ewerk-buchauer.de\/wp-content\/uploads\/2016\/03\/Bildergalerie-3-300x225.jpg 300w, http:\/\/ewerk-buchauer.de\/wp-content\/uploads\/2016\/03\/Bildergalerie-3-768x576.jpg 768w, http:\/\/ewerk-buchauer.de\/wp-content\/uploads\/2016\/03\/Bildergalerie-3-400x300.jpg 400w, http:\/\/ewerk-buchauer.de\/wp-content\/uploads\/2016\/03\/Bildergalerie-3.jpg 1280w\" sizes=\"(max-width: 1024px) 100vw, 1024px\" \/><figcaption>Schleuse (vorm Wehr)<\/figcaption><\/figure>\n<\/div>\n<\/div>\n\n\n\n<div class=\"wp-block-columns\">\n<div class=\"wp-block-column\">\n<figure class=\"wp-block-image size-large\"><img loading=\"lazy\" width=\"1024\" height=\"769\" src=\"http:\/\/ewerk-buchauer.de\/wp-content\/uploads\/2016\/03\/Bildergalerie-4-1024x769.jpg\" alt=\"\" class=\"wp-image-559\" srcset=\"http:\/\/ewerk-buchauer.de\/wp-content\/uploads\/2016\/03\/Bildergalerie-4-1024x769.jpg 1024w, http:\/\/ewerk-buchauer.de\/wp-content\/uploads\/2016\/03\/Bildergalerie-4-300x225.jpg 300w, http:\/\/ewerk-buchauer.de\/wp-content\/uploads\/2016\/03\/Bildergalerie-4-768x577.jpg 768w, http:\/\/ewerk-buchauer.de\/wp-content\/uploads\/2016\/03\/Bildergalerie-4-400x300.jpg 400w, http:\/\/ewerk-buchauer.de\/wp-content\/uploads\/2016\/03\/Bildergalerie-4.jpg 1280w\" sizes=\"(max-width: 1024px) 100vw, 1024px\" \/><figcaption>Leerschuss<\/figcaption><\/figure>\n<\/div>\n\n\n\n<div class=\"wp-block-column\"><\/div>\n\n\n\n<div class=\"wp-block-column\"><\/div>\n<\/div>\n","protected":false},"excerpt":{"rendered":"<p>\u00dcber uns: Wir sind ein privates, eigenst\u00e4ndiges, \u00f6rtliches E-Werk in Frasdorf mit ca. 800 Stromkunden, davon ca. 150 Kunden au\u00dferhalb unseres eigenen Versorgungsgebietes. Die Firma E-Werk &amp; Elektrotechnik Buchauer bestand 4 Generationen, genauer gesagt: 121 Jahre. Zur Geschichte des E-Werk&#8217;s: 1903 Das Anwesen vom Schlosser- M\u00fcller in Oberprienm\u00fchle wird von&nbsp; Josef Buchauer, Oswald &#8211; Sohn aus Leitenberg, ersteigert.Es besteht aus einer kleinen S\u00e4gem\u00fchle und einer Landwirtschaft. 1904 Die S\u00e4gem\u00fchle wird durch den Einbau einer Francis- Zwillings-Turbine auf Wasserkraft umgebaut und in Betrieb genommen.Die Landwirtschaft wird verkauft. 1912 Es wird die erste Trafostation gebaut, um Strom von der OB\u00dcZdazuzukaufen. So wurde&nbsp; eine Netzverbindung zur Oberbayrischen \u00dcberlandzentrale (sp\u00e4ter IAW, heute Bayernwerk) geschaffen. 1921 Josef Buchauer gr\u00fcndet eine Gesellschaft mit seinen NeffenGeorg Buchauer, Oswald- Sohn aus Leitenberg, und Josef Buchauer (Vater vom Soag- Sepp). Georg wird als Betriebsleiter des E- Werks eingesetzt, Josef leitet das S\u00e4gewerk. 1930 Georg ist fortan alleine f\u00fcr das E- Werk zust\u00e4ndig, weil Josef Buchauer inzwischen (1927)&nbsp;verstorben ist und Josef das S\u00e4gewerk in Frasdorf f\u00fchrt. 1935 Installation eines Dieselaggregates. 1954 Rupert Buchauer, Sohn von Georg, \u00fcbernimmt das E- Werk. 1958 Umstellung von Gleichstrom auf Drehstrom. 1958 &#8211; 2002 Bau mehrerer Trafostationen in Frasdorf und seinen Ortsteilen. 1985 Beginn der Erdkabelverlegung. 1997 \u00dcbernahme des E- Werks von Rupert Buchauer, jun. 2004 100-Jahr- Feier des E-Werks. 2009 Bau einer Fischaufstiegshilfe in der Prien (die zweite im Verlauf der gesamten Prien). 2010 Komplette Erneuerung des E- Werks: Einbau einer Kaplan-Turbine mit Generator und Steuerung um die Effektivit\u00e4t, zur Erzeugung umweltfreundlichen Stroms, noch weiter zu erh\u00f6hen. 2013 Anschaffung eines Elektroautos. 2016 Weitere Erdkabelverlegung im Netz in Planung. 2020 Einstieg der Tochter Carolin in das Stromversorgungsunternehmen. 2023 Anstellung des Meisters Michael B\u00f6ck f\u00fcr die Installation. 2026 Die Firma E-Werk &amp; Elektrotechnik Rupert Buchauer wird \u00fcbergeben. Bildergalerie:<\/p>\n","protected":false},"author":1,"featured_media":0,"parent":0,"menu_order":0,"comment_status":"closed","ping_status":"closed","template":"","meta":[],"_links":{"self":[{"href":"http:\/\/ewerk-buchauer.de\/index.php\/wp-json\/wp\/v2\/pages\/1738"}],"collection":[{"href":"http:\/\/ewerk-buchauer.de\/index.php\/wp-json\/wp\/v2\/pages"}],"about":[{"href":"http:\/\/ewerk-buchauer.de\/index.php\/wp-json\/wp\/v2\/types\/page"}],"author":[{"embeddable":true,"href":"http:\/\/ewerk-buchauer.de\/index.php\/wp-json\/wp\/v2\/users\/1"}],"replies":[{"embeddable":true,"href":"http:\/\/ewerk-buchauer.de\/index.php\/wp-json\/wp\/v2\/comments?post=1738"}],"version-history":[{"count":23,"href":"http:\/\/ewerk-buchauer.de\/index.php\/wp-json\/wp\/v2\/pages\/1738\/revisions"}],"predecessor-version":[{"id":2419,"href":"http:\/\/ewerk-buchauer.de\/index.php\/wp-json\/wp\/v2\/pages\/1738\/revisions\/2419"}],"wp:attachment":[{"href":"http:\/\/ewerk-buchauer.de\/index.php\/wp-json\/wp\/v2\/media?parent=1738"}],"curies":[{"name":"wp","href":"https:\/\/api.w.org\/{rel}","templated":true}]}}