{"id":165,"date":"2016-03-17T09:29:11","date_gmt":"2016-03-17T08:29:11","guid":{"rendered":"http:\/\/ewerk-buchauer.de\/?page_id=165"},"modified":"2024-12-20T11:45:11","modified_gmt":"2024-12-20T10:45:11","slug":"netzentgelte-2","status":"publish","type":"page","link":"http:\/\/ewerk-buchauer.de\/index.php\/netzentgelte-2\/","title":{"rendered":"Netzentgelte"},"content":{"rendered":"<p>Die Netzentgelte vom E-Werk Buchauer werden entsprechend der Verordnung \u00fcber die Entgelte f\u00fcr den Zugang zu Elektrizit\u00e4tsversorgungsnetzen (StromNEV) vom 25. Juli 2005 kalkuliert und durch die Bayerische Landesregulierungsbeh\u00f6rde genehmigt.<\/p>\n<p><strong>Ver\u00f6ffentlichungspflicht nach \u00a7 20 Abs. 1 EnWG:<\/strong><br \/>\nDas in 2011 novellierte EnWG sieht in \u00a7 20 Abs. 1 vor, dass die neuen bzw. voraussichtlichen Netzentgelte f\u00fcr das Folgejahr bis zum 15. Oktober eines Jahres zu ver\u00f6ffentlichen sind. Dieser Verpflichtung kommen wir hinsichtlich der Netzentgelte f\u00fcr das aktuelle Jahr hiermit nach.<\/p>\n<p><a href=\"http:\/\/ewerk-buchauer.de\/wp-content\/uploads\/2024\/12\/Preisblatt-2025-EW-Buchauer-Final.pdf\" target=\"_blank\" rel=\"noopener\">Netzentgelte ab 01.01.2025 (PDF)<\/a><\/p>\n<p><a href=\"http:\/\/ewerk-buchauer.de\/wp-content\/uploads\/2023\/12\/Preisblatt-2024-EW-Buchauer_inkl.neueUmlagen.pdf\" target=\"_blank\" rel=\"noopener\">Netzentgelte ab 01.01.2024 (PDF)<\/a><\/p>\n<p><a href=\"http:\/\/ewerk-buchauer.de\/wp-content\/uploads\/2022\/12\/Preisblatt_Netzentgelte_2023.pdf\" target=\"_blank\" rel=\"noopener\">Netzentgelte ab 01.01.2023 (PDF)<\/a><\/p>\n<p><a href=\"http:\/\/ewerk-buchauer.de\/wp-content\/uploads\/2022\/02\/Preisblatt2022.pdf\" target=\"_blank\" rel=\"noopener\">Netzentgelte ab 01.01.2022 (PDF)<\/a><\/p>\n<p><a href=\"http:\/\/ewerk-buchauer.de\/wp-content\/uploads\/2020\/12\/Preisblatt2021.pdf\" target=\"_blank\" rel=\"noopener\">Netzentgelte ab 01.01.2021 (PDF)<\/a><\/p>\n<p><a href=\"http:\/\/ewerk-buchauer.de\/wp-content\/uploads\/2019\/12\/Netzentgelte2020.pdf\" target=\"_blank\" rel=\"noopener\">Netzentgelte ab 01.01.2020 (PDF)<\/a><\/p>\n","protected":false},"excerpt":{"rendered":"<p>Die Netzentgelte vom E-Werk Buchauer werden entsprechend der Verordnung \u00fcber die Entgelte f\u00fcr den Zugang zu Elektrizit\u00e4tsversorgungsnetzen (StromNEV) vom 25. Juli 2005 kalkuliert und durch die Bayerische Landesregulierungsbeh\u00f6rde genehmigt. Ver\u00f6ffentlichungspflicht nach \u00a7 20 Abs. 1 EnWG: Das in 2011 novellierte EnWG sieht in \u00a7 20 Abs. 1 vor, dass die neuen bzw. voraussichtlichen Netzentgelte f\u00fcr das Folgejahr bis zum 15. Oktober eines Jahres zu ver\u00f6ffentlichen sind. Dieser Verpflichtung kommen wir hinsichtlich der Netzentgelte f\u00fcr das aktuelle Jahr hiermit nach. Netzentgelte ab 01.01.2025 (PDF) Netzentgelte ab 01.01.2024 (PDF) Netzentgelte ab 01.01.2023 (PDF) Netzentgelte ab 01.01.2022 (PDF) Netzentgelte ab 01.01.2021 (PDF) Netzentgelte ab 01.01.2020 (PDF)<\/p>\n","protected":false},"author":1,"featured_media":0,"parent":0,"menu_order":0,"comment_status":"closed","ping_status":"closed","template":"","meta":[],"_links":{"self":[{"href":"http:\/\/ewerk-buchauer.de\/index.php\/wp-json\/wp\/v2\/pages\/165"}],"collection":[{"href":"http:\/\/ewerk-buchauer.de\/index.php\/wp-json\/wp\/v2\/pages"}],"about":[{"href":"http:\/\/ewerk-buchauer.de\/index.php\/wp-json\/wp\/v2\/types\/page"}],"author":[{"embeddable":true,"href":"http:\/\/ewerk-buchauer.de\/index.php\/wp-json\/wp\/v2\/users\/1"}],"replies":[{"embeddable":true,"href":"http:\/\/ewerk-buchauer.de\/index.php\/wp-json\/wp\/v2\/comments?post=165"}],"version-history":[{"count":71,"href":"http:\/\/ewerk-buchauer.de\/index.php\/wp-json\/wp\/v2\/pages\/165\/revisions"}],"predecessor-version":[{"id":2289,"href":"http:\/\/ewerk-buchauer.de\/index.php\/wp-json\/wp\/v2\/pages\/165\/revisions\/2289"}],"wp:attachment":[{"href":"http:\/\/ewerk-buchauer.de\/index.php\/wp-json\/wp\/v2\/media?parent=165"}],"curies":[{"name":"wp","href":"https:\/\/api.w.org\/{rel}","templated":true}]}}