{"id":1644,"date":"2021-02-18T11:41:25","date_gmt":"2021-02-18T10:41:25","guid":{"rendered":"http:\/\/ewerk-buchauer.de\/?page_id=1644"},"modified":"2021-02-18T11:41:25","modified_gmt":"2021-02-18T10:41:25","slug":"schlichtungsstelle","status":"publish","type":"page","link":"http:\/\/ewerk-buchauer.de\/index.php\/schlichtungsstelle\/","title":{"rendered":"Schlichtungsstelle"},"content":{"rendered":"\n<p>Die <a rel=\"noreferrer noopener\" href=\"https:\/\/www.schlichtungsstelle-energie.de\/\" target=\"_blank\">Schlichtungsstelle Energie<\/a> ist f\u00fcr die Bereiche Strom und Erdgas die zentrale Stelle zur au\u00dfergerichtlichen Beilegung von individuellen Streitf\u00e4llen zwischen Privatverbrauchern und Energieversorgungsunternehmen (Energielieferanten, Netzbetreiber), Messstellenbetreibern und Messdienstleistern, die den Anschluss an das Versorgungsnetz, die Belieferung mit Energie sowie die Messung der Energie betreffen. Sie arbeitet unabh\u00e4ngig und neutral und wurde 2011 vom Bundesministerium f\u00fcr Wirtschaft und Energie sowie vom Bundesministerium der Justiz und f\u00fcr Verbraucherschutz anerkannt. Getragen wird sie von den Verb\u00e4nden der Energiewirtschaft und dem Verbraucherzentrale Bundesverband e. V. Mit ihrer Arbeit soll die Schlichtungsstelle die Gerichte entlasten und zur Zufriedenheit der Strom- und Erdgaskunden beitragen.<\/p>\n\n\n\n<p><strong>Kontaktdaten:<\/strong><\/p>\n\n\n\n<p>Schlichtungsstelle Energie e.V.<\/p>\n\n\n\n<p>Friedrichstra\u00dfe <\/p>\n\n\n\n<p>13310117 Berlin<\/p>\n\n\n\n<p>Telefon: +49 (0) 30\/27 57 240\u20130 <\/p>\n\n\n\n<p>Fax: +49 (0) 30\/27 57 240\u201369<\/p>\n\n\n\n<p>E-Mail: info@schlichtungsstelle-energie.de <\/p>\n\n\n\n<p>Internet: www.schlichtungsstelle-energie.de<\/p>\n","protected":false},"excerpt":{"rendered":"<p>Die Schlichtungsstelle Energie ist f\u00fcr die Bereiche Strom und Erdgas die zentrale Stelle zur au\u00dfergerichtlichen Beilegung von individuellen Streitf\u00e4llen zwischen Privatverbrauchern und Energieversorgungsunternehmen (Energielieferanten, Netzbetreiber), Messstellenbetreibern und Messdienstleistern, die den Anschluss an das Versorgungsnetz, die Belieferung mit Energie sowie die Messung der Energie betreffen. Sie arbeitet unabh\u00e4ngig und neutral und wurde 2011 vom Bundesministerium f\u00fcr Wirtschaft und Energie sowie vom Bundesministerium der Justiz und f\u00fcr Verbraucherschutz anerkannt. Getragen wird sie von den Verb\u00e4nden der Energiewirtschaft und dem Verbraucherzentrale Bundesverband e. V. Mit ihrer Arbeit soll die Schlichtungsstelle die Gerichte entlasten und zur Zufriedenheit der Strom- und Erdgaskunden beitragen. Kontaktdaten: Schlichtungsstelle Energie e.V. Friedrichstra\u00dfe 13310117 Berlin Telefon: +49 (0) 30\/27 57 240\u20130 Fax: +49 (0) 30\/27 57 240\u201369 E-Mail: info@schlichtungsstelle-energie.de Internet: www.schlichtungsstelle-energie.de<\/p>\n","protected":false},"author":1,"featured_media":0,"parent":0,"menu_order":0,"comment_status":"closed","ping_status":"closed","template":"","meta":[],"_links":{"self":[{"href":"http:\/\/ewerk-buchauer.de\/index.php\/wp-json\/wp\/v2\/pages\/1644"}],"collection":[{"href":"http:\/\/ewerk-buchauer.de\/index.php\/wp-json\/wp\/v2\/pages"}],"about":[{"href":"http:\/\/ewerk-buchauer.de\/index.php\/wp-json\/wp\/v2\/types\/page"}],"author":[{"embeddable":true,"href":"http:\/\/ewerk-buchauer.de\/index.php\/wp-json\/wp\/v2\/users\/1"}],"replies":[{"embeddable":true,"href":"http:\/\/ewerk-buchauer.de\/index.php\/wp-json\/wp\/v2\/comments?post=1644"}],"version-history":[{"count":1,"href":"http:\/\/ewerk-buchauer.de\/index.php\/wp-json\/wp\/v2\/pages\/1644\/revisions"}],"predecessor-version":[{"id":1645,"href":"http:\/\/ewerk-buchauer.de\/index.php\/wp-json\/wp\/v2\/pages\/1644\/revisions\/1645"}],"wp:attachment":[{"href":"http:\/\/ewerk-buchauer.de\/index.php\/wp-json\/wp\/v2\/media?parent=1644"}],"curies":[{"name":"wp","href":"https:\/\/api.w.org\/{rel}","templated":true}]}}