{"id":1388,"date":"2021-01-24T16:44:59","date_gmt":"2021-01-24T15:44:59","guid":{"rendered":"http:\/\/ewerk-buchauer.de\/?page_id=1388"},"modified":"2025-06-12T13:41:34","modified_gmt":"2025-06-12T11:41:34","slug":"auszugumzug-melden","status":"publish","type":"page","link":"http:\/\/ewerk-buchauer.de\/index.php\/auszugumzug-melden\/","title":{"rendered":"Auszug\/Umzug melden"},"content":{"rendered":"\n<p>Ab dem<strong> <\/strong>6. Juni 2025 wurde gesetzlich festgelegt, dass Kunden ihren  Stromversorger rechtzeitig <strong>VOR dem Umzug informieren <\/strong>m\u00fcssen. Eine r\u00fcckwirkende Auszugsmeldung ist nicht mehr m\u00f6glich. Weitere Infos erhalten Sie <a href=\"https:\/\/ewerk-buchauer.de\/index.php\/neue-meldepflicht-beim-umzug-ab-juni-2025\/\" data-type=\"page\" data-id=\"2301\" target=\"_blank\" rel=\"noreferrer noopener\">hier<\/a>.<\/p>\n\n\n\n<p>Im folgenden k\u00f6nnen Sie Ihren Auszug\/Umzug melden:<\/p>\n\n\n<form enctype=\"multipart\/form-data\" method=\"post\" id=\"psfb1387\" action=\"http:\/\/ewerk-buchauer.de\/index.php\/auszugumzug-melden\/\" class=\"planso-form-builder\" data-id=\"1387\" data-cnt=\"1\" id=\"planso_forms_1387_1\" data-locale=\"de\" data-locale_long=\"de_DE\" data-datepicker=\"bootstrap-datetimepicker\" data-date_format=\"j. F Y\" data-moment_date_format=\"D. MMMM YYYY\" data-jqueryui_date_format=\"d. MM yy\" data-eternicode_date_format=\"d. MM yyyy\"><div class=\"container-fluid\"><input type=\"hidden\" name=\"psfb_pageurl\" value=\"http:\/\/ewerk-buchauer.de\/index.php\/auszugumzug-melden\/\"\/><input type=\"hidden\" name=\"psfb_userip\" value=\"216.73.216.82\"\/><input type=\"hidden\" name=\"psfb_useragent\" value=\"Mozilla\/5.0 AppleWebKit\/537.36 (KHTML, like Gecko; compatible; ClaudeBot\/1.0; +claudebot@anthropic.com)\"\/><input type=\"hidden\" name=\"psfb_landingpage\" value=\"http:\/\/ewerk-buchauer.de\/index.php\/wp-json\/oembed\/1.0\/embed?format=xml&amp;url=http%3A%2F%2Fewerk-buchauer.de%2Findex.php%2Fauszugumzug-melden%2F\"\/><input type=\"hidden\" name=\"psfb_referer\" value=\"Direct\"\/><input type=\"hidden\" name=\"psfb_page_id\" value=\"1388\"\/><input type=\"hidden\" name=\"psfb_form_submit\" value=\"1\"\/><input type=\"hidden\" name=\"psfb_form_id\" value=\"1387\"\/><input type=\"hidden\" name=\"psfb_form_cnt\" value=\"1\"\/><div style=\"display:none\"><input type=\"text\" name=\"psfb_hon_as\"\/><\/div><div style=\"display:none\"><input type=\"text\" name=\"psfb_hon_as2\" id=\"psfb_hon_as2_1387_1\" value=\"855b503a822e49647ad90a5b634c46a9\"\/><\/div><div style=\"display:none\"><input type=\"text\" name=\"psfb_cnt_check\" value=\"1\"\/><\/div><div class=\"row\"><div class=\"col-md-12\"><div class=\"form-group psfb-single-container\"><h1 class=\"\">PERS\u00d6NLICHE ANGABEN<\/h1><\/div><\/div><\/div><div class=\"row\"><div class=\"col-md-4\"><div class=\"form-group psfb-single-container\"><label class=\"control-label\" for=\"psfield_1387_2\">Kundennummer<\/label><input type=\"number\" name=\"Kundennummer\" class=\"form-control  \" id=\"psfield_1387_2\" style=\"\"\/><\/div><\/div><div class=\"col-md-4\"><div class=\"form-group psfb-single-container\"><label class=\"control-label\" for=\"psfield_1387_3\">Vorname Nachname<span class=\"psfb_required_mark\">*<\/span><\/label><input type=\"text\" required=\"required\" data-required=\"required\" name=\"Vorname_Nachname\" class=\"form-control  \" id=\"psfield_1387_3\" style=\"\"\/><\/div><\/div><div class=\"col-md-4\"><div class=\"form-group psfb-single-container\"><label class=\"control-label\" for=\"psfield_1387_4\">Firma<\/label><input type=\"text\" name=\"Firma\" class=\"form-control  \" id=\"psfield_1387_4\" style=\"\"\/><\/div><\/div><\/div><div class=\"row\"><div class=\"col-md-4\"><div class=\"form-group psfb-single-container\"><label class=\"control-label\" for=\"psfield_1387_5\">Stra\u00dfe Hausnummer<span class=\"psfb_required_mark\">*<\/span><\/label><input type=\"text\" required=\"required\" data-required=\"required\" name=\"Stra_e_Hausnummer\" class=\"form-control  \" id=\"psfield_1387_5\" style=\"\"\/><\/div><\/div><div class=\"col-md-4\"><div class=\"form-group psfb-single-container\"><label class=\"control-label\" for=\"psfield_1387_6\">Postleitzahl<span class=\"psfb_required_mark\">*<\/span><\/label><input type=\"text\" required=\"required\" data-required=\"required\" name=\"Postleitzahl_1\" class=\"form-control  \" id=\"psfield_1387_6\" style=\"\" maxlength=\"5\"\/><\/div><\/div><div class=\"col-md-4\"><div class=\"form-group psfb-single-container\"><label class=\"control-label\" for=\"psfield_1387_7\">Ort<span class=\"psfb_required_mark\">*<\/span><\/label><input type=\"text\" required=\"required\" data-required=\"required\" name=\"Ort\" class=\"form-control  \" id=\"psfield_1387_7\" style=\"\"\/><\/div><\/div><\/div><div class=\"row\"><div class=\"col-md-6\"><div class=\"form-group psfb-single-container\"><label class=\"control-label\" for=\"psfield_1387_8\">E-Mail<span class=\"psfb_required_mark\">*<\/span><\/label><input type=\"email\" required=\"required\" data-required=\"required\" name=\"E_Mail\" class=\"form-control  \" id=\"psfield_1387_8\" style=\"\"\/><\/div><\/div><div class=\"col-md-6\"><div class=\"form-group psfb-single-container\"><label class=\"control-label\" for=\"psfield_1387_9\">Mobiltelefon<span class=\"psfb_required_mark\">*<\/span><\/label><input type=\"tel\" required=\"required\" data-required=\"required\" name=\"Mobiltelefon\" class=\"form-control  \" id=\"psfield_1387_9\" style=\"\"\/><\/div><\/div><\/div><div class=\"row\"><div class=\"col-md-12\"><div class=\"form-group psfb-single-container\"><h1 class=\"\">IHRE NEUE ANSCHRIFT<\/h1><\/div><\/div><\/div><div class=\"row\"><div class=\"col-md-6\"><div class=\"form-group psfb-single-container\"><label class=\"control-label\" for=\"psfield_1387_11\">Vorname Nachname (neu)<span class=\"psfb_required_mark\">*<\/span><\/label><input type=\"text\" required=\"required\" data-required=\"required\" name=\"Vorname_Nachname__neu_\" class=\"form-control  \" id=\"psfield_1387_11\" style=\"\"\/><\/div><\/div><div class=\"col-md-6\"><div class=\"form-group psfb-single-container\"><label class=\"control-label\" for=\"psfield_1387_12\">Firma (neu)<\/label><input type=\"text\" name=\"Firma__neu_\" class=\"form-control  \" id=\"psfield_1387_12\" style=\"\"\/><\/div><\/div><\/div><div class=\"row\"><div class=\"col-md-4\"><div class=\"form-group psfb-single-container\"><label class=\"control-label\" for=\"psfield_1387_13\">Stra\u00dfe + Nr. (neu)<span class=\"psfb_required_mark\">*<\/span><\/label><input type=\"text\" required=\"required\" data-required=\"required\" name=\"Stra_e___Nr___neu_\" class=\"form-control  \" id=\"psfield_1387_13\" style=\"\"\/><\/div><\/div><div class=\"col-md-4\"><div class=\"form-group psfb-single-container\"><label class=\"control-label\" for=\"psfield_1387_14\">Postleitzahl (neu)<span class=\"psfb_required_mark\">*<\/span><\/label><input type=\"text\" required=\"required\" data-required=\"required\" name=\"Postleitzahl__neu_\" class=\"form-control  \" id=\"psfield_1387_14\" style=\"\"\/><\/div><\/div><div class=\"col-md-4\"><div class=\"form-group psfb-single-container\"><label class=\"control-label\" for=\"psfield_1387_15\">Ort (neu)<span class=\"psfb_required_mark\">*<\/span><\/label><input type=\"text\" required=\"required\" data-required=\"required\" name=\"Ort__neu_\" class=\"form-control  \" id=\"psfield_1387_15\" style=\"\"\/><\/div><\/div><\/div><div class=\"row\"><div class=\"col-md-12\"><div class=\"form-group psfb-single-container\"><h1 class=\"\">DATEN ZUM AUSZUG\/UMZUG<\/h1><\/div><\/div><\/div><div class=\"row\"><div class=\"col-md-4\"><div class=\"form-group psfb-single-container\"><label class=\"control-label\" for=\"psfield_1387_17\">Z\u00e4hlernummer<span class=\"psfb_required_mark\">*<\/span><\/label><input type=\"text\" required=\"required\" data-required=\"required\" name=\"Z_hlernummer\" class=\"form-control  \" id=\"psfield_1387_17\" style=\"\"\/><\/div><\/div><div class=\"col-md-4\"><div class=\"form-group psfb-single-container\"><label class=\"control-label\" for=\"psfield_1387_18\">Auszugsdatum<span class=\"psfb_required_mark\">*<\/span><\/label><input type=\"date\" data-psfb_datepicker=\"bootstrap-datetimepicker\" required=\"required\" data-required=\"required\" name=\"Auszugsdatum\" class=\"form-control  \" id=\"psfield_1387_18\" style=\"\"\/><\/div><\/div><div class=\"col-md-4\"><div class=\"form-group psfb-single-container\"><label class=\"control-label\" for=\"psfield_1387_19\">Z\u00e4hlerstand zum Auszug<\/label><input type=\"number\" name=\"Z_hlerstand_zum_Auszug\" placeholder=\"\" value=\"\" class=\"form-control  \" id=\"psfield_1387_19\" style=\"\"\/><\/div><\/div><\/div><div class=\"row\"><div class=\"col-md-12\"><div class=\"form-group psfb-single-container\"><h1 class=\"\">DATEN ZUR STROMLIEFERUNG<\/h1><\/div><\/div><\/div><div class=\"row\"><div class=\"col-md-12\"><div class=\"form-group psfb-single-container\"><label class=\"control-label\" for=\"psfield_1387_21\">M\u00f6chten Sie weiterhin vom E-Werk Buchauer versorgt werden?<span class=\"psfb_required_mark\">*<\/span><\/label><div class=\"checkbox_wrapper\"><label class=\"checkbox-inline checkbox_wrapper\" style=\"\"><input data-required=\"required\" type=\"checkbox\" value=\"Ja\" name=\"M_chten_Sie_weiterhin_vom_E_Werk_Buchauer_versorgt_werden_[]\" id=\"psfield_1387_21_1\">Ja<\/label><label class=\"checkbox-inline checkbox_wrapper\" style=\"\"><input data-required=\"required\" type=\"checkbox\" value=\"Nein\" name=\"M_chten_Sie_weiterhin_vom_E_Werk_Buchauer_versorgt_werden_[]\" id=\"psfield_1387_21_2\">Nein<\/label><\/div><p class=\"help-block\">Wenn ja, melden wir uns in den n\u00e4chsten Tagen bei Ihnen.<\/p><\/div><\/div><\/div><div class=\"row\"><div class=\"col-md-12\"><div class=\"form-group psfb-single-container\"><p class=\"\"><\/p><\/div><\/div><\/div><div class=\"row\"><div class=\"col-md-12\"><div class=\"form-group psfb-single-container\"><div style=\"position:relative;z-index:1;\"><button type=\"submit\" class=\"btn btn-primary        \" id=\"psfield_1387_23\" style=\"\">Senden<\/button><\/div><\/div><\/div><\/div><\/div><\/form>","protected":false},"excerpt":{"rendered":"<p>Ab dem 6. Juni 2025 wurde gesetzlich festgelegt, dass Kunden ihren Stromversorger rechtzeitig VOR dem Umzug informieren m\u00fcssen. Eine r\u00fcckwirkende Auszugsmeldung ist nicht mehr m\u00f6glich. Weitere Infos erhalten Sie hier. Im folgenden k\u00f6nnen Sie Ihren Auszug\/Umzug melden:<\/p>\n","protected":false},"author":3,"featured_media":0,"parent":0,"menu_order":0,"comment_status":"closed","ping_status":"closed","template":"","meta":[],"_links":{"self":[{"href":"http:\/\/ewerk-buchauer.de\/index.php\/wp-json\/wp\/v2\/pages\/1388"}],"collection":[{"href":"http:\/\/ewerk-buchauer.de\/index.php\/wp-json\/wp\/v2\/pages"}],"about":[{"href":"http:\/\/ewerk-buchauer.de\/index.php\/wp-json\/wp\/v2\/types\/page"}],"author":[{"embeddable":true,"href":"http:\/\/ewerk-buchauer.de\/index.php\/wp-json\/wp\/v2\/users\/3"}],"replies":[{"embeddable":true,"href":"http:\/\/ewerk-buchauer.de\/index.php\/wp-json\/wp\/v2\/comments?post=1388"}],"version-history":[{"count":5,"href":"http:\/\/ewerk-buchauer.de\/index.php\/wp-json\/wp\/v2\/pages\/1388\/revisions"}],"predecessor-version":[{"id":2311,"href":"http:\/\/ewerk-buchauer.de\/index.php\/wp-json\/wp\/v2\/pages\/1388\/revisions\/2311"}],"wp:attachment":[{"href":"http:\/\/ewerk-buchauer.de\/index.php\/wp-json\/wp\/v2\/media?parent=1388"}],"curies":[{"name":"wp","href":"https:\/\/api.w.org\/{rel}","templated":true}]}}