{"id":1258,"date":"2020-08-13T12:26:17","date_gmt":"2020-08-13T10:26:17","guid":{"rendered":"http:\/\/ewerk-buchauer.de\/?page_id=1258"},"modified":"2020-08-13T12:28:54","modified_gmt":"2020-08-13T10:28:54","slug":"widerruf","status":"publish","type":"page","link":"http:\/\/ewerk-buchauer.de\/index.php\/widerruf\/","title":{"rendered":"Widerruf"},"content":{"rendered":"<p><span style=\"font-size: 14pt;\"><strong>Widerrufsbelehrung<\/strong><\/span><\/p>\n<p>F\u00fcr Verbraucher gem\u00e4\u00df \u00a7 13 BGB (nat\u00fcrliche Personen), die den Stromliefervertrag zu einem Zweck abschlie\u00dfen, der weder \u00fcberwiegend einer gewerblichen noch einer selbstst\u00e4ndigen beruflichen T\u00e4tigkeit zugerechnet werden kann, gilt eine Widerrufsfrist von 14 Tagen, ohne Angabe von Gr\u00fcnden. Die Widerrufsfrist betr\u00e4gt 14 Tage ab dem Tag des Vertragsabschlusses.<\/p>\n<p>Zur Aus\u00fcbung des Widerrufsrechts senden Sie uns mittels einer eindeutigen Erkl\u00e4rung (z. B. Ein mit der Post versandter Brief, Fax, E-Mail) \u00fcber Ihren Entschluss den Widerruf an:<\/p>\n<p>E-Werk und Elektrotechnik Rupert Buchauer, Oberprienm\u00fchle 3, 83112 Frasdorf\u00a0\u00a0\u00a0\u00a0\u00a0\u00a0\u00a0 Tel: 08052\/4978, Fax: 08052\/909470, E-Mail: info@ewerk-buchauer.de<\/p>\n<p>Zur Wahrung der Widerrrufsfrist reicht es aus, wenn Sie die Mitteilung \u00fcber die Aus\u00fcbung des Widerrufsrechts vor Ablauf der Widerrrufsfrist absenden.<\/p>\n<p><strong>Folgen des Widerrufs:<\/strong><\/p>\n<p>Wenn Sie den Vertrag widerrufen, haben wir Ihnen alle Zahlungen, die wir von Ihnen erhalten haben, einschlie\u00dflich der Lieferkosten (mit Ausnahme der zus\u00e4tzlichen Kosten, die sich daraus ergeben, dass Sie eine andere Art der Lieferung als die von uns angebotene g\u00fcnstigste Standartlieferung gew\u00e4hlt haben), unverz\u00fcglich und sp\u00e4testens binnen 14 Tagen ab dem Tag zur\u00fcckzuzahlen, an dem die Mitteilung \u00fcber IhrenWiderrruf dieses Vertrags bei uns eingegangen ist. F\u00fcr diese R\u00fcckzahlungn verwenden wir dasselbe Zahlungsmittel, das Sie bei der urspr\u00fcnglichen Transaktion eingesetzt haben, es sei denn, mit Ihnen wurde ausdr\u00fccklich etwas anderes vereinbart; in keinem Fall werden Ihnen wegen dieser R\u00fcckzahlung Entgelte berechnet.<\/p>\n<p>Haben Sie verlangt, dass die Dienstleistund oder Lieferung von Strom w\u00e4hrend der Widerrufsfrist beginnen soll, so haben Sie uns einen angemessenen Betrag zu zahlen, derdem Anteil der bis zum Zeitpunkt, zu dem\u00a0 Sie uns von der Aus\u00fcbung des Widerrufsrechts hinsichtlich dieses Vertrages unterrichten, bereits erbrachten Dienstleistungen im Vergleich zum Gesamtumfang der im Vertrag vorgesehenen Dienstleidungen entspricht.<\/p>\n","protected":false},"excerpt":{"rendered":"<p>Widerrufsbelehrung F\u00fcr Verbraucher gem\u00e4\u00df \u00a7 13 BGB (nat\u00fcrliche Personen), die den Stromliefervertrag zu einem Zweck abschlie\u00dfen, der weder \u00fcberwiegend einer gewerblichen noch einer selbstst\u00e4ndigen beruflichen T\u00e4tigkeit zugerechnet werden kann, gilt eine Widerrufsfrist von 14 Tagen, ohne Angabe von Gr\u00fcnden. Die Widerrufsfrist betr\u00e4gt 14 Tage ab dem Tag des Vertragsabschlusses. Zur Aus\u00fcbung des Widerrufsrechts senden Sie uns mittels einer eindeutigen Erkl\u00e4rung (z. B. Ein mit der Post versandter Brief, Fax, E-Mail) \u00fcber Ihren Entschluss den Widerruf an: E-Werk und Elektrotechnik Rupert Buchauer, Oberprienm\u00fchle 3, 83112 Frasdorf\u00a0\u00a0\u00a0\u00a0\u00a0\u00a0\u00a0 Tel: 08052\/4978, Fax: 08052\/909470, E-Mail: info@ewerk-buchauer.de Zur Wahrung der Widerrrufsfrist reicht es aus, wenn Sie die Mitteilung \u00fcber die Aus\u00fcbung des Widerrufsrechts vor Ablauf der Widerrrufsfrist absenden. Folgen des Widerrufs: Wenn Sie den Vertrag widerrufen, haben wir Ihnen alle Zahlungen, die wir von Ihnen erhalten haben, einschlie\u00dflich der Lieferkosten (mit Ausnahme der zus\u00e4tzlichen Kosten, die sich daraus ergeben, dass Sie eine andere Art der Lieferung als die von uns angebotene g\u00fcnstigste Standartlieferung gew\u00e4hlt haben), unverz\u00fcglich und sp\u00e4testens binnen 14 Tagen ab dem Tag zur\u00fcckzuzahlen, an dem die Mitteilung \u00fcber IhrenWiderrruf dieses Vertrags bei uns eingegangen ist. F\u00fcr diese R\u00fcckzahlungn verwenden wir dasselbe Zahlungsmittel, das Sie bei der urspr\u00fcnglichen Transaktion eingesetzt haben, es sei denn, mit Ihnen wurde ausdr\u00fccklich etwas anderes vereinbart; in keinem Fall werden Ihnen wegen dieser R\u00fcckzahlung Entgelte berechnet. Haben Sie verlangt, dass die Dienstleistund oder Lieferung von Strom w\u00e4hrend der Widerrufsfrist beginnen soll, so haben Sie uns einen angemessenen Betrag zu zahlen, derdem Anteil der bis zum Zeitpunkt, zu dem\u00a0 Sie uns von der Aus\u00fcbung des Widerrufsrechts hinsichtlich dieses Vertrages unterrichten, bereits erbrachten Dienstleistungen im Vergleich zum Gesamtumfang der im Vertrag vorgesehenen Dienstleidungen entspricht.<\/p>\n","protected":false},"author":3,"featured_media":0,"parent":0,"menu_order":0,"comment_status":"closed","ping_status":"closed","template":"","meta":[],"_links":{"self":[{"href":"http:\/\/ewerk-buchauer.de\/index.php\/wp-json\/wp\/v2\/pages\/1258"}],"collection":[{"href":"http:\/\/ewerk-buchauer.de\/index.php\/wp-json\/wp\/v2\/pages"}],"about":[{"href":"http:\/\/ewerk-buchauer.de\/index.php\/wp-json\/wp\/v2\/types\/page"}],"author":[{"embeddable":true,"href":"http:\/\/ewerk-buchauer.de\/index.php\/wp-json\/wp\/v2\/users\/3"}],"replies":[{"embeddable":true,"href":"http:\/\/ewerk-buchauer.de\/index.php\/wp-json\/wp\/v2\/comments?post=1258"}],"version-history":[{"count":4,"href":"http:\/\/ewerk-buchauer.de\/index.php\/wp-json\/wp\/v2\/pages\/1258\/revisions"}],"predecessor-version":[{"id":1263,"href":"http:\/\/ewerk-buchauer.de\/index.php\/wp-json\/wp\/v2\/pages\/1258\/revisions\/1263"}],"wp:attachment":[{"href":"http:\/\/ewerk-buchauer.de\/index.php\/wp-json\/wp\/v2\/media?parent=1258"}],"curies":[{"name":"wp","href":"https:\/\/api.w.org\/{rel}","templated":true}]}}