{"id":1061,"date":"2018-09-11T10:17:01","date_gmt":"2018-09-11T08:17:01","guid":{"rendered":"http:\/\/ewerk-buchauer.de\/?page_id=1061"},"modified":"2023-04-21T11:30:22","modified_gmt":"2023-04-21T09:30:22","slug":"anmeldung-stromliefervertrag","status":"publish","type":"page","link":"http:\/\/ewerk-buchauer.de\/index.php\/anmeldung-stromliefervertrag\/","title":{"rendered":"Anmeldung Stromliefervertrag"},"content":{"rendered":"<p style=\"text-align: center;\"><span style=\"font-size: 12pt;\"><strong>Es freut uns, dass Sie interessiert an unserer Stromlieferung sind!<\/strong><\/span><\/p>\n<hr \/>\n<hr \/>\n<p>Einfach nachfolgende Anfrage ausf\u00fcllen und der Stromliefervertrag wird Ihnen zugesendet:<\/p>\n<form enctype=\"multipart\/form-data\" method=\"post\" id=\"psfb1375\" action=\"http:\/\/ewerk-buchauer.de\/index.php\/anmeldung-stromliefervertrag\/\" class=\"planso-form-builder\" data-id=\"1375\" data-cnt=\"1\" id=\"planso_forms_1375_1\" data-locale=\"de\" data-locale_long=\"de_DE\" data-datepicker=\"bootstrap-datetimepicker\" data-date_format=\"j. F Y\" data-moment_date_format=\"D. MMMM YYYY\" data-jqueryui_date_format=\"d. MM yy\" data-eternicode_date_format=\"d. MM yyyy\"><style type=\"text\/css\">#psfb1375 .has-error,#psfb1375 .has-error label.control-label{color:#DD0000;}#psfb1375 .has-error input,#psfb1375 .has-error textarea,#psfb1375 .has-error select{color:#DD0000;border-color:#DD0000;}<\/style><div class=\"container-fluid\"><input type=\"hidden\" name=\"psfb_pageurl\" value=\"http:\/\/ewerk-buchauer.de\/index.php\/anmeldung-stromliefervertrag\/\"\/><input type=\"hidden\" name=\"psfb_userip\" value=\"216.73.216.126\"\/><input type=\"hidden\" name=\"psfb_useragent\" value=\"Mozilla\/5.0 AppleWebKit\/537.36 (KHTML, like Gecko; compatible; ClaudeBot\/1.0; +claudebot@anthropic.com)\"\/><input type=\"hidden\" name=\"psfb_landingpage\" value=\"http:\/\/ewerk-buchauer.de\/index.php\/wp-json\/wp\/v2\/pages\/1061\"\/><input type=\"hidden\" name=\"psfb_referer\" value=\"Direct\"\/><input type=\"hidden\" name=\"psfb_page_id\" value=\"1061\"\/><input type=\"hidden\" name=\"psfb_form_submit\" value=\"1\"\/><input type=\"hidden\" name=\"psfb_form_id\" value=\"1375\"\/><input type=\"hidden\" name=\"psfb_form_cnt\" value=\"1\"\/><div style=\"display:none\"><input type=\"text\" name=\"psfb_hon_as\"\/><\/div><div style=\"display:none\"><input type=\"text\" name=\"psfb_hon_as2\" id=\"psfb_hon_as2_1375_1\" value=\"2410f2427a3f46e133f0a1e9b28feb74\"\/><\/div><div style=\"display:none\"><input type=\"text\" name=\"psfb_cnt_check\" value=\"1\"\/><\/div><div class=\"row\"><div class=\"col-md-12\"><div class=\"form-group psfb-single-container\"><h1 class=\"\">IHRE ANGABEN<\/h1><\/div><\/div><\/div><div class=\"row\"><div class=\"col-md-6\"><div class=\"form-group psfb-single-container\"><label class=\"control-label\" for=\"psfield_1375_2\">Vorname Nachname<span class=\"psfb_required_mark\">*<\/span><\/label><input type=\"text\" required=\"required\" data-required=\"required\" name=\"Vorname_Nachname\" class=\"form-control  \" id=\"psfield_1375_2\" style=\"\"\/><\/div><\/div><div class=\"col-md-6\"><div class=\"form-group psfb-single-container\"><label class=\"control-label\" for=\"psfield_1375_3\">Firma<\/label><input type=\"text\" name=\"Firma\" class=\"form-control  \" id=\"psfield_1375_3\" style=\"\"\/><\/div><\/div><\/div><div class=\"row\"><div class=\"col-md-4\"><div class=\"form-group psfb-single-container\"><label class=\"control-label\" for=\"psfield_1375_4\">Stra\u00dfe, Hausnummer<span class=\"psfb_required_mark\">*<\/span><\/label><input type=\"text\" required=\"required\" data-required=\"required\" name=\"Stra_e__Hausnummer\" class=\"form-control  \" id=\"psfield_1375_4\" style=\"\"\/><\/div><\/div><div class=\"col-md-4\"><div class=\"form-group psfb-single-container\"><label class=\"control-label\" for=\"psfield_1375_5\">Postleitzahl<span class=\"psfb_required_mark\">*<\/span><\/label><input type=\"text\" required=\"required\" data-required=\"required\" name=\"Postleitzahl\" class=\"form-control  \" id=\"psfield_1375_5\" style=\"\" maxlength=\"5\"\/><\/div><\/div><div class=\"col-md-4\"><div class=\"form-group psfb-single-container\"><label class=\"control-label\" for=\"psfield_1375_6\">Ort<span class=\"psfb_required_mark\">*<\/span><\/label><input type=\"text\" required=\"required\" data-required=\"required\" name=\"Ort\" class=\"form-control  \" id=\"psfield_1375_6\" style=\"\"\/><\/div><\/div><\/div><div class=\"row\"><div class=\"col-md-12\"><div class=\"form-group psfb-single-container\"><label class=\"control-label\" for=\"psfield_1375_7\">abweichende Lieferadresse<\/label><input type=\"text\" name=\"abweichende_Lieferadresse\" placeholder=\"nur ausf\u00fcllen, wenn nicht identisch mit Ihrer Adresse\" class=\"form-control  \" id=\"psfield_1375_7\" style=\"\"\/><\/div><\/div><\/div><div class=\"row\"><div class=\"col-md-6\"><div class=\"form-group psfb-single-container\"><label class=\"control-label\" for=\"psfield_1375_8\">E-Mail<span class=\"psfb_required_mark\">*<\/span><\/label><input type=\"email\" required=\"required\" data-required=\"required\" name=\"E_Mail\" class=\"form-control  \" id=\"psfield_1375_8\" style=\"\"\/><\/div><\/div><div class=\"col-md-6\"><div class=\"form-group psfb-single-container\"><label class=\"control-label\" for=\"psfield_1375_9\">Telefon<span class=\"psfb_required_mark\">*<\/span><\/label><input type=\"tel\" required=\"required\" data-required=\"required\" name=\"Telefon\" class=\"form-control  \" id=\"psfield_1375_9\" style=\"\"\/><\/div><\/div><\/div><div class=\"row\"><div class=\"col-md-12\"><div class=\"form-group psfb-single-container\"><p class=\"\"><\/p><\/div><\/div><\/div><div class=\"row\"><div class=\"col-md-12\"><div class=\"form-group psfb-single-container\"><h1 class=\"\">ANGABEN ZUR STROMLIEFERUNG<\/h1><\/div><\/div><\/div><div class=\"row\"><div class=\"col-md-6\"><div class=\"form-group psfb-single-container\"><label class=\"control-label\" for=\"psfield_1375_12\">Lieferbeginn<\/label><input type=\"date\" data-psfb_datepicker=\"bootstrap-datetimepicker\" name=\"Lieferbeginn\" class=\"form-control  \" id=\"psfield_1375_12\" style=\"\"\/><\/div><\/div><div class=\"col-md-6\"><div class=\"form-group psfb-single-container\"><label class=\"control-label\" for=\"psfield_1375_13\">K\u00fcndigung jetziger Versorger<span class=\"psfb_required_mark\">*<\/span><\/label><div class=\"checkbox_wrapper\"><div class=\"checkbox\"><label class=\"checkbox_wrapper\" style=\"\"><input data-required=\"required\" checked=\"checked\" type=\"checkbox\" value=\"K\u00fcndigung durch E-Werk Buchauer\" name=\"K_ndigung_jetziger_Versorger[]\" id=\"psfield_1375_13_1\">K\u00fcndigung durch E-Werk Buchauer<\/label><\/div><div class=\"checkbox\"><label class=\"checkbox_wrapper\" style=\"\"><input data-required=\"required\" type=\"checkbox\" value=\"Ich k\u00fcndige selbst\" name=\"K_ndigung_jetziger_Versorger[]\" id=\"psfield_1375_13_2\">Ich k\u00fcndige selbst<\/label><\/div><\/div><\/div><\/div><\/div><div class=\"row\"><div class=\"col-md-6\"><div class=\"form-group psfb-single-container\"><label class=\"control-label\" for=\"psfield_1375_14\">Z\u00e4hlernummer<span class=\"psfb_required_mark\">*<\/span><\/label><input type=\"number\" required=\"required\" data-required=\"required\" name=\"Z_hlernummer\" class=\"form-control  \" id=\"psfield_1375_14\" style=\"\"\/><\/div><\/div><div class=\"col-md-6\"><div class=\"form-group psfb-single-container\"><label class=\"control-label\" for=\"psfield_1375_15\">Z\u00e4hlerstand<\/label><input type=\"text\" name=\"Z_hlerstand\" class=\"form-control  \" id=\"psfield_1375_15\" style=\"\"\/><\/div><\/div><\/div><div class=\"row\"><div class=\"col-md-12\"><div class=\"form-group psfb-single-container\"><label class=\"control-label\" for=\"psfield_1375_16\">Tarif<\/label><select name=\"Tarif\" class=\"form-control  \" id=\"psfield_1375_16\" style=\"\"><option value=\"Haushaltstarif Grundversorgung\" selected=\"selected\">Haushaltstarif Grundversorgung<\/option><option value=\"Haushaltstarif WasserPur\">Haushaltstarif WasserPur<\/option><option value=\"Gewerbetarif\">Gewerbetarif<\/option><option value=\"Heizungstarif\">Heizungstarif<\/option><\/select><\/div><\/div><\/div><div class=\"row\"><div class=\"col-md-12\"><div class=\"form-group psfb-single-container\"><p class=\"\"><\/p><\/div><\/div><\/div><div class=\"row\"><div class=\"col-md-12\"><div class=\"form-group psfb-single-container\"><h1 class=\"\">WEITERE ANGABEN<\/h1><\/div><\/div><\/div><div class=\"row\"><div class=\"col-md-6\"><div class=\"form-group psfb-single-container\"><label class=\"control-label\" for=\"psfield_1375_19\">Stromliefervertrag zusenden<span class=\"psfb_required_mark\">*<\/span><\/label><div class=\"checkbox_wrapper\"><div class=\"checkbox\"><label class=\"checkbox_wrapper\" style=\"\"><input data-required=\"required\" type=\"checkbox\" value=\" per Post\" name=\"Stromliefervertrag_zusenden[]\" id=\"psfield_1375_19_1\"> per Post<\/label><\/div><div class=\"checkbox\"><label class=\"checkbox_wrapper\" style=\"\"><input data-required=\"required\" type=\"checkbox\" value=\" per Mail\" name=\"Stromliefervertrag_zusenden[]\" id=\"psfield_1375_19_2\"> per Mail<\/label><\/div><\/div><\/div><\/div><div class=\"col-md-6\"><div class=\"form-group psfb-single-container\"><label class=\"control-label\" for=\"psfield_1375_20\">Weitere Infos<\/label><textarea name=\"Weitere_Infos\" class=\"form-control  \" id=\"psfield_1375_20\" style=\"\"><\/textarea><\/div><\/div><\/div><div class=\"row\"><div class=\"col-md-12\"><div class=\"form-group psfb-single-container\"><p class=\"\"><\/p><\/div><\/div><\/div><div class=\"row\"><div class=\"col-md-12\"><div class=\"form-group psfb-single-container\"><p class=\"\">\n<\/p><\/div><\/div><\/div><div class=\"row\"><div class=\"col-md-12\"><div class=\"form-group psfb-single-container\"><div class=\"checkbox_wrapper\"><label class=\"checkbox-inline checkbox_wrapper\" style=\"\"><input data-required=\"required\" type=\"checkbox\" value=\"Die Allgemeinen Gesch\u00e4ftsbedingungen und die Datenschutzbestimmungen habe ich gelesen und stimme hiermit zu. Ich best\u00e4tige, dass meine Angaben und Daten zur Beantwortung meiner Anfrage elektronisch erhoben und gespeichert werden d\u00fcrfen. \" name=\"Datenschutz[]\" id=\"psfield_1375_23_1\">Die Allgemeinen Gesch\u00e4ftsbedingungen und die Datenschutzbestimmungen habe ich gelesen und stimme hiermit zu. Ich best\u00e4tige, dass meine Angaben und Daten zur Beantwortung meiner Anfrage elektronisch erhoben und gespeichert werden d\u00fcrfen. <\/label><\/div><\/div><\/div><\/div><div class=\"row\"><div class=\"col-md-12\"><div class=\"form-group psfb-single-container\"><p class=\"\"><\/p><\/div><\/div><\/div><div class=\"row\"><div class=\"col-md-12\"><div class=\"form-group psfb-single-container\"><div style=\"position:relative;z-index:1;\"><button type=\"submit\" class=\"btn btn-primary                                            \" id=\"psfield_1375_25\" style=\"\">Senden<\/button><\/div><\/div><\/div><\/div><\/div><\/form>\n","protected":false},"excerpt":{"rendered":"<p>Es freut uns, dass Sie interessiert an unserer Stromlieferung sind! Einfach nachfolgende Anfrage ausf\u00fcllen und der Stromliefervertrag wird Ihnen zugesendet:<\/p>\n","protected":false},"author":1,"featured_media":0,"parent":0,"menu_order":0,"comment_status":"closed","ping_status":"closed","template":"","meta":[],"_links":{"self":[{"href":"http:\/\/ewerk-buchauer.de\/index.php\/wp-json\/wp\/v2\/pages\/1061"}],"collection":[{"href":"http:\/\/ewerk-buchauer.de\/index.php\/wp-json\/wp\/v2\/pages"}],"about":[{"href":"http:\/\/ewerk-buchauer.de\/index.php\/wp-json\/wp\/v2\/types\/page"}],"author":[{"embeddable":true,"href":"http:\/\/ewerk-buchauer.de\/index.php\/wp-json\/wp\/v2\/users\/1"}],"replies":[{"embeddable":true,"href":"http:\/\/ewerk-buchauer.de\/index.php\/wp-json\/wp\/v2\/comments?post=1061"}],"version-history":[{"count":15,"href":"http:\/\/ewerk-buchauer.de\/index.php\/wp-json\/wp\/v2\/pages\/1061\/revisions"}],"predecessor-version":[{"id":1957,"href":"http:\/\/ewerk-buchauer.de\/index.php\/wp-json\/wp\/v2\/pages\/1061\/revisions\/1957"}],"wp:attachment":[{"href":"http:\/\/ewerk-buchauer.de\/index.php\/wp-json\/wp\/v2\/media?parent=1061"}],"curies":[{"name":"wp","href":"https:\/\/api.w.org\/{rel}","templated":true}]}}